{"id":2572,"date":"2024-11-08T03:46:33","date_gmt":"2024-11-08T03:46:33","guid":{"rendered":"https:\/\/levelconsulting.pegotec.dev\/?page_id=2572"},"modified":"2025-01-14T04:04:45","modified_gmt":"2025-01-14T04:04:45","slug":"references","status":"publish","type":"page","link":"https:\/\/www.levelconsulting.ch\/fr\/a-propos-de-nous\/references\/","title":{"rendered":"R\u00e9f\u00e9rences"},"content":{"rendered":"\n<p>Nous avons d\u00e9j\u00e0 eu l&rsquo;occasion de pourvoir les postes nationaux et internationaux suivants \u00e0 l&rsquo;enti\u00e8re satisfaction de nos clients (extrait) :&nbsp;&nbsp;<\/p>\n\n\n\n<div class=\"row referenzen\">\n    <div class=\"col-xl-6 col-lg-12 mb-4\">\n        <div class=\"card-wrapper\">\n            <div class=\"card-header\">\n                <h4 class=\"font-weight-bold mb-0\">Top Management<\/h4>\n            <\/div>\n            <div class=\"card-body\">\n\n                <ul>\n                    <li>Chief Executive Officer (CEO)<\/li>\n                    <li>Chief Financial Officer (CFO)<\/li>\n                    <li>Chief Information Officer (CIO)<\/li>\n                    <li>Chief Technology Officer (CTO)<\/li>\n                    <li>Head Human Resources<\/li>\n                    <li>Directeur* des biens immobiliers<\/li>\n                    <li>Group Compliance Officer<\/li>\n\n                <\/ul>\n            <\/div>\n        <\/div>\n    <\/div>\n    <div class=\"col-xl-6 col-lg-12 mb-4\">\n        <div class=\"card-wrapper\">\n            <div class=\"card-header\">\n                <h4 class=\"font-weight-bold mb-0\">Middle Management<\/h4>\n            <\/div>\n            <div class=\"card-body\">\n                <ul>\n                    <li>Head of Reporting &amp; Accounting<\/li>\n                    <li>Account Executive<\/li>\n                    <li>Responsable des ventes  <\/li>\n                    <li>Responsable du contr\u00f4le de gestion<\/li>\n                    <li>Chef du d\u00e9partement S\u00e9curit\u00e9, Sant\u00e9 et environnement <\/li>\n                    <li>Responsable des services <\/li>\n                    <li>Key Account Manager*in <\/li>\n                <\/ul>\n            <\/div>\n        <\/div>\n    <\/div>\n    <div class=\"col-xl-6 col-lg-12 mb-4\">\n        <div class=\"card-wrapper\">\n            <div class=\"card-header\">\n                <h4 class=\"font-weight-bold mb-0\">Sp\u00e9cialistes<\/h4>\n            <\/div>\n            <div class=\"card-body\">\n                <ul>\n                    <li>Senior Consultant Banking<\/li>\n                    <li>Expert TVA <\/li>\n                    <li>System Architect<\/li>\n                    <li>Solution Architect<\/li>\n                    <li>Business Analyst<\/li>\n                    <li>Product Manager*in <\/li>\n                    <li>Ing\u00e9nieur peinture <\/li>\n                <\/ul>\n            <\/div>\n        <\/div>\n    <\/div>\n    <div class=\"col-xl-6 col-lg-12 mb-4\">\n        <div class=\"card-wrapper\">\n            <div class=\"card-header\">\n                <h4 class=\"font-weight-bold mb-0\">Organisations \u00e0 but non lucratif <\/h4>\n            <\/div>\n            <div class=\"card-body\">\n                <ul>\n                    <li>Secr\u00e9taire g\u00e9n\u00e9ral <\/li>\n                    <li>Directeur administratif <\/li>\n                    <li>Chef des Affaires Pr\u00e9sidentielles <\/li>\n                    <li>Directeur des soins de sant\u00e9 <\/li>\n                    <li>G\u00e9rant d\u2019association <\/li>\n                    <li>Gestionnaires de programme*r <\/li>\n                    <li>Collecteur de fonds <\/li>                    \n                <\/ul>\n            <\/div>\n        <\/div>\n    <\/div>\n<\/div>\n\n\n\n<p>Pour des raisons de confidentialit\u00e9, nous ne nommons pas sp\u00e9cifiquement nos clients.&nbsp;<\/p>\n\n\n\n<p>D\u2019autres r\u00e9f\u00e9rences seront fournies sur demande.&nbsp;<\/p>\n","protected":false},"excerpt":{"rendered":"<p>Nous avons d\u00e9j\u00e0 eu l&rsquo;occasion de pourvoir les postes nationaux et internationaux suivants \u00e0 l&rsquo;enti\u00e8re satisfaction de nos clients (extrait) :&nbsp;&nbsp; Top Management Chief Executive Officer (CEO) Chief Financial Officer (CFO) Chief Information Officer (CIO) Chief Technology Officer (CTO) Head Human Resources Directeur* des biens immobiliers Group Compliance Officer Middle Management Head of Reporting &amp; [&hellip;]<\/p>\n","protected":false},"author":1,"featured_media":2573,"parent":2498,"menu_order":1,"comment_status":"closed","ping_status":"closed","template":"","meta":{"_acf_changed":false,"footnotes":""},"class_list":["post-2572","page","type-page","status-publish","has-post-thumbnail","hentry"],"acf":[],"yoast_head":"<!-- This site is optimized with the Yoast SEO plugin v27.5 - https:\/\/yoast.com\/product\/yoast-seo-wordpress\/ -->\n<title>R\u00e9f\u00e9rences - \u00c0 propos de nous\u00a0\u00a0 - Level Consulting<\/title>\n<meta name=\"robots\" content=\"index, follow, max-snippet:-1, max-image-preview:large, max-video-preview:-1\" \/>\n<link rel=\"canonical\" href=\"https:\/\/www.levelconsulting.ch\/fr\/a-propos-de-nous\/references\/\" \/>\n<meta property=\"og:locale\" content=\"fr_FR\" \/>\n<meta property=\"og:type\" content=\"article\" \/>\n<meta property=\"og:title\" content=\"R\u00e9f\u00e9rences - \u00c0 propos de nous\u00a0\u00a0 - Level Consulting\" \/>\n<meta property=\"og:description\" content=\"Nous avons d\u00e9j\u00e0 eu l&rsquo;occasion de pourvoir les postes nationaux et internationaux suivants \u00e0 l&rsquo;enti\u00e8re satisfaction de nos clients (extrait) :&nbsp;&nbsp; Top Management Chief Executive Officer (CEO) Chief Financial Officer (CFO) Chief Information Officer (CIO) Chief Technology Officer (CTO) Head Human Resources Directeur* des biens immobiliers Group Compliance Officer Middle Management Head of Reporting &amp; [&hellip;]\" \/>\n<meta property=\"og:url\" content=\"https:\/\/www.levelconsulting.ch\/fr\/a-propos-de-nous\/references\/\" \/>\n<meta property=\"og:site_name\" content=\"Level Consulting\" \/>\n<meta property=\"article:modified_time\" content=\"2025-01-14T04:04:45+00:00\" \/>\n<meta property=\"og:image\" content=\"https:\/\/www.levelconsulting.ch\/wp-content\/uploads\/2024\/11\/uberuns.jpg\" \/>\n\t<meta property=\"og:image:width\" content=\"1199\" \/>\n\t<meta property=\"og:image:height\" content=\"300\" \/>\n\t<meta property=\"og:image:type\" content=\"image\/jpeg\" \/>\n<meta name=\"twitter:card\" content=\"summary_large_image\" \/>\n<meta name=\"twitter:label1\" content=\"Dur\u00e9e de lecture estim\u00e9e\" \/>\n\t<meta name=\"twitter:data1\" content=\"1 minute\" \/>\n<script type=\"application\/ld+json\" class=\"yoast-schema-graph\">{\"@context\":\"https:\\\/\\\/schema.org\",\"@graph\":[{\"@type\":\"WebPage\",\"@id\":\"https:\\\/\\\/www.levelconsulting.ch\\\/fr\\\/a-propos-de-nous\\\/references\\\/\",\"url\":\"https:\\\/\\\/www.levelconsulting.ch\\\/fr\\\/a-propos-de-nous\\\/references\\\/\",\"name\":\"R\u00e9f\u00e9rences - \u00c0 propos de nous\u00a0\u00a0 - Level Consulting\",\"isPartOf\":{\"@id\":\"https:\\\/\\\/www.levelconsulting.ch\\\/fr\\\/#website\"},\"primaryImageOfPage\":{\"@id\":\"https:\\\/\\\/www.levelconsulting.ch\\\/fr\\\/a-propos-de-nous\\\/references\\\/#primaryimage\"},\"image\":{\"@id\":\"https:\\\/\\\/www.levelconsulting.ch\\\/fr\\\/a-propos-de-nous\\\/references\\\/#primaryimage\"},\"thumbnailUrl\":\"https:\\\/\\\/www.levelconsulting.ch\\\/wp-content\\\/uploads\\\/2024\\\/11\\\/uberuns.jpg\",\"datePublished\":\"2024-11-08T03:46:33+00:00\",\"dateModified\":\"2025-01-14T04:04:45+00:00\",\"breadcrumb\":{\"@id\":\"https:\\\/\\\/www.levelconsulting.ch\\\/fr\\\/a-propos-de-nous\\\/references\\\/#breadcrumb\"},\"inLanguage\":\"fr-FR\",\"potentialAction\":[{\"@type\":\"ReadAction\",\"target\":[\"https:\\\/\\\/www.levelconsulting.ch\\\/fr\\\/a-propos-de-nous\\\/references\\\/\"]}]},{\"@type\":\"ImageObject\",\"inLanguage\":\"fr-FR\",\"@id\":\"https:\\\/\\\/www.levelconsulting.ch\\\/fr\\\/a-propos-de-nous\\\/references\\\/#primaryimage\",\"url\":\"https:\\\/\\\/www.levelconsulting.ch\\\/wp-content\\\/uploads\\\/2024\\\/11\\\/uberuns.jpg\",\"contentUrl\":\"https:\\\/\\\/www.levelconsulting.ch\\\/wp-content\\\/uploads\\\/2024\\\/11\\\/uberuns.jpg\",\"width\":1199,\"height\":300},{\"@type\":\"BreadcrumbList\",\"@id\":\"https:\\\/\\\/www.levelconsulting.ch\\\/fr\\\/a-propos-de-nous\\\/references\\\/#breadcrumb\",\"itemListElement\":[{\"@type\":\"ListItem\",\"position\":1,\"name\":\"Home\",\"item\":\"https:\\\/\\\/www.levelconsulting.ch\\\/fr\\\/\"},{\"@type\":\"ListItem\",\"position\":2,\"name\":\"\u00c0 propos de nous\u00a0\u00a0\"}]},{\"@type\":\"WebSite\",\"@id\":\"https:\\\/\\\/www.levelconsulting.ch\\\/fr\\\/#website\",\"url\":\"https:\\\/\\\/www.levelconsulting.ch\\\/fr\\\/\",\"name\":\"Level Consulting\",\"description\":\"We bring the best together.\",\"publisher\":{\"@id\":\"https:\\\/\\\/www.levelconsulting.ch\\\/fr\\\/#organization\"},\"potentialAction\":[{\"@type\":\"SearchAction\",\"target\":{\"@type\":\"EntryPoint\",\"urlTemplate\":\"https:\\\/\\\/www.levelconsulting.ch\\\/fr\\\/?s={search_term_string}\"},\"query-input\":{\"@type\":\"PropertyValueSpecification\",\"valueRequired\":true,\"valueName\":\"search_term_string\"}}],\"inLanguage\":\"fr-FR\"},{\"@type\":\"Organization\",\"@id\":\"https:\\\/\\\/www.levelconsulting.ch\\\/fr\\\/#organization\",\"name\":\"Level Consulting\",\"url\":\"https:\\\/\\\/www.levelconsulting.ch\\\/fr\\\/\",\"logo\":{\"@type\":\"ImageObject\",\"inLanguage\":\"fr-FR\",\"@id\":\"https:\\\/\\\/www.levelconsulting.ch\\\/fr\\\/#\\\/schema\\\/logo\\\/image\\\/\",\"url\":\"https:\\\/\\\/www.levelconsulting.ch\\\/wp-content\\\/uploads\\\/2019\\\/10\\\/logo-level-consulting.png\",\"contentUrl\":\"https:\\\/\\\/www.levelconsulting.ch\\\/wp-content\\\/uploads\\\/2019\\\/10\\\/logo-level-consulting.png\",\"width\":300,\"height\":132,\"caption\":\"Level Consulting\"},\"image\":{\"@id\":\"https:\\\/\\\/www.levelconsulting.ch\\\/fr\\\/#\\\/schema\\\/logo\\\/image\\\/\"}}]}<\/script>\n<!-- \/ Yoast SEO plugin. -->","yoast_head_json":{"title":"R\u00e9f\u00e9rences - \u00c0 propos de nous\u00a0\u00a0 - Level Consulting","robots":{"index":"index","follow":"follow","max-snippet":"max-snippet:-1","max-image-preview":"max-image-preview:large","max-video-preview":"max-video-preview:-1"},"canonical":"https:\/\/www.levelconsulting.ch\/fr\/a-propos-de-nous\/references\/","og_locale":"fr_FR","og_type":"article","og_title":"R\u00e9f\u00e9rences - \u00c0 propos de nous\u00a0\u00a0 - Level Consulting","og_description":"Nous avons d\u00e9j\u00e0 eu l&rsquo;occasion de pourvoir les postes nationaux et internationaux suivants \u00e0 l&rsquo;enti\u00e8re satisfaction de nos clients (extrait) :&nbsp;&nbsp; Top Management Chief Executive Officer (CEO) Chief Financial Officer (CFO) Chief Information Officer (CIO) Chief Technology Officer (CTO) Head Human Resources Directeur* des biens immobiliers Group Compliance Officer Middle Management Head of Reporting &amp; [&hellip;]","og_url":"https:\/\/www.levelconsulting.ch\/fr\/a-propos-de-nous\/references\/","og_site_name":"Level Consulting","article_modified_time":"2025-01-14T04:04:45+00:00","og_image":[{"width":1199,"height":300,"url":"https:\/\/www.levelconsulting.ch\/wp-content\/uploads\/2024\/11\/uberuns.jpg","type":"image\/jpeg"}],"twitter_card":"summary_large_image","twitter_misc":{"Dur\u00e9e de lecture estim\u00e9e":"1 minute"},"schema":{"@context":"https:\/\/schema.org","@graph":[{"@type":"WebPage","@id":"https:\/\/www.levelconsulting.ch\/fr\/a-propos-de-nous\/references\/","url":"https:\/\/www.levelconsulting.ch\/fr\/a-propos-de-nous\/references\/","name":"R\u00e9f\u00e9rences - \u00c0 propos de nous\u00a0\u00a0 - Level Consulting","isPartOf":{"@id":"https:\/\/www.levelconsulting.ch\/fr\/#website"},"primaryImageOfPage":{"@id":"https:\/\/www.levelconsulting.ch\/fr\/a-propos-de-nous\/references\/#primaryimage"},"image":{"@id":"https:\/\/www.levelconsulting.ch\/fr\/a-propos-de-nous\/references\/#primaryimage"},"thumbnailUrl":"https:\/\/www.levelconsulting.ch\/wp-content\/uploads\/2024\/11\/uberuns.jpg","datePublished":"2024-11-08T03:46:33+00:00","dateModified":"2025-01-14T04:04:45+00:00","breadcrumb":{"@id":"https:\/\/www.levelconsulting.ch\/fr\/a-propos-de-nous\/references\/#breadcrumb"},"inLanguage":"fr-FR","potentialAction":[{"@type":"ReadAction","target":["https:\/\/www.levelconsulting.ch\/fr\/a-propos-de-nous\/references\/"]}]},{"@type":"ImageObject","inLanguage":"fr-FR","@id":"https:\/\/www.levelconsulting.ch\/fr\/a-propos-de-nous\/references\/#primaryimage","url":"https:\/\/www.levelconsulting.ch\/wp-content\/uploads\/2024\/11\/uberuns.jpg","contentUrl":"https:\/\/www.levelconsulting.ch\/wp-content\/uploads\/2024\/11\/uberuns.jpg","width":1199,"height":300},{"@type":"BreadcrumbList","@id":"https:\/\/www.levelconsulting.ch\/fr\/a-propos-de-nous\/references\/#breadcrumb","itemListElement":[{"@type":"ListItem","position":1,"name":"Home","item":"https:\/\/www.levelconsulting.ch\/fr\/"},{"@type":"ListItem","position":2,"name":"\u00c0 propos de nous\u00a0\u00a0"}]},{"@type":"WebSite","@id":"https:\/\/www.levelconsulting.ch\/fr\/#website","url":"https:\/\/www.levelconsulting.ch\/fr\/","name":"Level Consulting","description":"We bring the best together.","publisher":{"@id":"https:\/\/www.levelconsulting.ch\/fr\/#organization"},"potentialAction":[{"@type":"SearchAction","target":{"@type":"EntryPoint","urlTemplate":"https:\/\/www.levelconsulting.ch\/fr\/?s={search_term_string}"},"query-input":{"@type":"PropertyValueSpecification","valueRequired":true,"valueName":"search_term_string"}}],"inLanguage":"fr-FR"},{"@type":"Organization","@id":"https:\/\/www.levelconsulting.ch\/fr\/#organization","name":"Level Consulting","url":"https:\/\/www.levelconsulting.ch\/fr\/","logo":{"@type":"ImageObject","inLanguage":"fr-FR","@id":"https:\/\/www.levelconsulting.ch\/fr\/#\/schema\/logo\/image\/","url":"https:\/\/www.levelconsulting.ch\/wp-content\/uploads\/2019\/10\/logo-level-consulting.png","contentUrl":"https:\/\/www.levelconsulting.ch\/wp-content\/uploads\/2019\/10\/logo-level-consulting.png","width":300,"height":132,"caption":"Level Consulting"},"image":{"@id":"https:\/\/www.levelconsulting.ch\/fr\/#\/schema\/logo\/image\/"}}]}},"_links":{"self":[{"href":"https:\/\/www.levelconsulting.ch\/fr\/wp-json\/wp\/v2\/pages\/2572","targetHints":{"allow":["GET"]}}],"collection":[{"href":"https:\/\/www.levelconsulting.ch\/fr\/wp-json\/wp\/v2\/pages"}],"about":[{"href":"https:\/\/www.levelconsulting.ch\/fr\/wp-json\/wp\/v2\/types\/page"}],"author":[{"embeddable":true,"href":"https:\/\/www.levelconsulting.ch\/fr\/wp-json\/wp\/v2\/users\/1"}],"replies":[{"embeddable":true,"href":"https:\/\/www.levelconsulting.ch\/fr\/wp-json\/wp\/v2\/comments?post=2572"}],"version-history":[{"count":7,"href":"https:\/\/www.levelconsulting.ch\/fr\/wp-json\/wp\/v2\/pages\/2572\/revisions"}],"predecessor-version":[{"id":2847,"href":"https:\/\/www.levelconsulting.ch\/fr\/wp-json\/wp\/v2\/pages\/2572\/revisions\/2847"}],"up":[{"embeddable":true,"href":"https:\/\/www.levelconsulting.ch\/fr\/wp-json\/wp\/v2\/pages\/2498"}],"wp:featuredmedia":[{"embeddable":true,"href":"https:\/\/www.levelconsulting.ch\/fr\/wp-json\/wp\/v2\/media\/2573"}],"wp:attachment":[{"href":"https:\/\/www.levelconsulting.ch\/fr\/wp-json\/wp\/v2\/media?parent=2572"}],"curies":[{"name":"wp","href":"https:\/\/api.w.org\/{rel}","templated":true}]}}