{"id":2549,"date":"2024-11-07T11:18:29","date_gmt":"2024-11-07T11:18:29","guid":{"rendered":"https:\/\/levelconsulting.pegotec.dev\/?page_id=2549"},"modified":"2025-01-14T04:23:53","modified_gmt":"2025-01-14T04:23:53","slug":"career-booster","status":"publish","type":"page","link":"https:\/\/www.levelconsulting.ch\/fr\/new-outplacement\/career-booster\/","title":{"rendered":"Career Booster\u00a0"},"content":{"rendered":"\n<p>Le \u00ab Career Booster \u00bb est un programme compact pour les adaptations des entreprises impos\u00e9es par le march\u00e9. Il soutient et d\u00e9charge les organisations lors de la mise en \u0153uvre rapide et efficace de mesures de personnel li\u00e9es \u00e0 la situation \u00e9conomique. Avec le Career Booster, nous nous concentrons sur l&rsquo;augmentation syst\u00e9matique de l&rsquo;attractivit\u00e9 des collaborateurs concern\u00e9s. Nous les pr\u00e9parons au march\u00e9 du travail et augmentons leurs chances dans la comp\u00e9tition pour des postes int\u00e9ressants.&nbsp;<\/p>\n\n\n\n<h3 class=\"wp-block-heading\">Proc\u00e9dure Career Booster&nbsp;<\/h3>\n\n\n\n<div class=\"wp-block-image\"><figure class=\"\"><figure><a class=\"big\" href=\"\/wp-content\/uploads\/2024\/12\/careerbooster1.png\"><img decoding=\"async\" src=\"\/wp-content\/uploads\/2024\/12\/careerbooster1.png\" alt=\"\" class=\"wp-image-908\"><\/a><\/figure><\/figure><\/div><br>\n\n\n\n<h3 class=\"wp-block-heading\">Bilan et analyse de personnalit\u00e9 et d&rsquo;aptitudes&nbsp;<\/h3>\n\n\n\n<div class=\"wp-block-image\"><figure class=\"\"><figure><a class=\"big\" href=\"\/wp-content\/uploads\/2024\/12\/careerbooster2.png\"><img decoding=\"async\" src=\"\/wp-content\/uploads\/2024\/12\/careerbooster2.png\" alt=\"\" class=\"wp-image-910\"><\/a><\/figure><\/figure><\/div> <br>\n\n\n\n<h3 class=\"wp-block-heading\">V\u00e9rification des objectifs et des m\u00e9thodes&nbsp;<\/h3>\n\n\n\n<div class=\"wp-block-image\"><figure class=\"\"><a class=\"big\" href=\"\/wp-content\/uploads\/2024\/12\/careerbooster3.jpg\"><img decoding=\"async\" src=\"\/wp-content\/uploads\/2024\/12\/careerbooster3.jpg\" alt=\"\" class=\"wp-image-912\"><\/a><\/figure><\/div>\n","protected":false},"excerpt":{"rendered":"<p>Le \u00ab Career Booster \u00bb est un programme compact pour les adaptations des entreprises impos\u00e9es par le march\u00e9. Il soutient et d\u00e9charge les organisations lors de la mise en \u0153uvre rapide et efficace de mesures de personnel li\u00e9es \u00e0 la situation \u00e9conomique. Avec le Career Booster, nous nous concentrons sur l&rsquo;augmentation syst\u00e9matique de l&rsquo;attractivit\u00e9 des [&hellip;]<\/p>\n","protected":false},"author":1,"featured_media":2537,"parent":2453,"menu_order":0,"comment_status":"closed","ping_status":"closed","template":"","meta":{"_acf_changed":false,"footnotes":""},"class_list":["post-2549","page","type-page","status-publish","has-post-thumbnail","hentry"],"acf":[],"yoast_head":"<!-- This site is optimized with the Yoast SEO plugin v27.5 - https:\/\/yoast.com\/product\/yoast-seo-wordpress\/ -->\n<title>Career Booster\u00a0 - New- \/ Outplacement - Level Consulting<\/title>\n<meta name=\"robots\" content=\"index, follow, max-snippet:-1, max-image-preview:large, max-video-preview:-1\" \/>\n<link rel=\"canonical\" href=\"https:\/\/www.levelconsulting.ch\/fr\/new-outplacement\/career-booster\/\" \/>\n<meta property=\"og:locale\" content=\"fr_FR\" \/>\n<meta property=\"og:type\" content=\"article\" \/>\n<meta property=\"og:title\" content=\"Career Booster\u00a0 - New- \/ Outplacement - Level Consulting\" \/>\n<meta property=\"og:description\" content=\"Le \u00ab Career Booster \u00bb est un programme compact pour les adaptations des entreprises impos\u00e9es par le march\u00e9. Il soutient et d\u00e9charge les organisations lors de la mise en \u0153uvre rapide et efficace de mesures de personnel li\u00e9es \u00e0 la situation \u00e9conomique. Avec le Career Booster, nous nous concentrons sur l&rsquo;augmentation syst\u00e9matique de l&rsquo;attractivit\u00e9 des [&hellip;]\" \/>\n<meta property=\"og:url\" content=\"https:\/\/www.levelconsulting.ch\/fr\/new-outplacement\/career-booster\/\" \/>\n<meta property=\"og:site_name\" content=\"Level Consulting\" \/>\n<meta property=\"article:modified_time\" content=\"2025-01-14T04:23:53+00:00\" \/>\n<meta property=\"og:image\" content=\"https:\/\/www.levelconsulting.ch\/wp-content\/uploads\/2024\/11\/unser-beratung-1.jpg\" \/>\n\t<meta property=\"og:image:width\" content=\"1199\" \/>\n\t<meta property=\"og:image:height\" content=\"300\" \/>\n\t<meta property=\"og:image:type\" content=\"image\/jpeg\" \/>\n<meta name=\"twitter:card\" content=\"summary_large_image\" \/>\n<meta name=\"twitter:label1\" content=\"Dur\u00e9e de lecture estim\u00e9e\" \/>\n\t<meta name=\"twitter:data1\" content=\"2 minutes\" \/>\n<script type=\"application\/ld+json\" class=\"yoast-schema-graph\">{\"@context\":\"https:\\\/\\\/schema.org\",\"@graph\":[{\"@type\":\"WebPage\",\"@id\":\"https:\\\/\\\/www.levelconsulting.ch\\\/fr\\\/new-outplacement\\\/career-booster\\\/\",\"url\":\"https:\\\/\\\/www.levelconsulting.ch\\\/fr\\\/new-outplacement\\\/career-booster\\\/\",\"name\":\"Career Booster\u00a0 - New- \\\/ Outplacement - Level Consulting\",\"isPartOf\":{\"@id\":\"https:\\\/\\\/www.levelconsulting.ch\\\/fr\\\/#website\"},\"primaryImageOfPage\":{\"@id\":\"https:\\\/\\\/www.levelconsulting.ch\\\/fr\\\/new-outplacement\\\/career-booster\\\/#primaryimage\"},\"image\":{\"@id\":\"https:\\\/\\\/www.levelconsulting.ch\\\/fr\\\/new-outplacement\\\/career-booster\\\/#primaryimage\"},\"thumbnailUrl\":\"https:\\\/\\\/www.levelconsulting.ch\\\/wp-content\\\/uploads\\\/2024\\\/11\\\/unser-beratung-1.jpg\",\"datePublished\":\"2024-11-07T11:18:29+00:00\",\"dateModified\":\"2025-01-14T04:23:53+00:00\",\"breadcrumb\":{\"@id\":\"https:\\\/\\\/www.levelconsulting.ch\\\/fr\\\/new-outplacement\\\/career-booster\\\/#breadcrumb\"},\"inLanguage\":\"fr-FR\",\"potentialAction\":[{\"@type\":\"ReadAction\",\"target\":[\"https:\\\/\\\/www.levelconsulting.ch\\\/fr\\\/new-outplacement\\\/career-booster\\\/\"]}]},{\"@type\":\"ImageObject\",\"inLanguage\":\"fr-FR\",\"@id\":\"https:\\\/\\\/www.levelconsulting.ch\\\/fr\\\/new-outplacement\\\/career-booster\\\/#primaryimage\",\"url\":\"https:\\\/\\\/www.levelconsulting.ch\\\/wp-content\\\/uploads\\\/2024\\\/11\\\/unser-beratung-1.jpg\",\"contentUrl\":\"https:\\\/\\\/www.levelconsulting.ch\\\/wp-content\\\/uploads\\\/2024\\\/11\\\/unser-beratung-1.jpg\",\"width\":1199,\"height\":300},{\"@type\":\"BreadcrumbList\",\"@id\":\"https:\\\/\\\/www.levelconsulting.ch\\\/fr\\\/new-outplacement\\\/career-booster\\\/#breadcrumb\",\"itemListElement\":[{\"@type\":\"ListItem\",\"position\":1,\"name\":\"Home\",\"item\":\"https:\\\/\\\/www.levelconsulting.ch\\\/fr\\\/\"},{\"@type\":\"ListItem\",\"position\":2,\"name\":\"New- \\\/ Outplacement\"}]},{\"@type\":\"WebSite\",\"@id\":\"https:\\\/\\\/www.levelconsulting.ch\\\/fr\\\/#website\",\"url\":\"https:\\\/\\\/www.levelconsulting.ch\\\/fr\\\/\",\"name\":\"Level Consulting\",\"description\":\"We bring the best together.\",\"publisher\":{\"@id\":\"https:\\\/\\\/www.levelconsulting.ch\\\/fr\\\/#organization\"},\"potentialAction\":[{\"@type\":\"SearchAction\",\"target\":{\"@type\":\"EntryPoint\",\"urlTemplate\":\"https:\\\/\\\/www.levelconsulting.ch\\\/fr\\\/?s={search_term_string}\"},\"query-input\":{\"@type\":\"PropertyValueSpecification\",\"valueRequired\":true,\"valueName\":\"search_term_string\"}}],\"inLanguage\":\"fr-FR\"},{\"@type\":\"Organization\",\"@id\":\"https:\\\/\\\/www.levelconsulting.ch\\\/fr\\\/#organization\",\"name\":\"Level Consulting\",\"url\":\"https:\\\/\\\/www.levelconsulting.ch\\\/fr\\\/\",\"logo\":{\"@type\":\"ImageObject\",\"inLanguage\":\"fr-FR\",\"@id\":\"https:\\\/\\\/www.levelconsulting.ch\\\/fr\\\/#\\\/schema\\\/logo\\\/image\\\/\",\"url\":\"https:\\\/\\\/www.levelconsulting.ch\\\/wp-content\\\/uploads\\\/2019\\\/10\\\/logo-level-consulting.png\",\"contentUrl\":\"https:\\\/\\\/www.levelconsulting.ch\\\/wp-content\\\/uploads\\\/2019\\\/10\\\/logo-level-consulting.png\",\"width\":300,\"height\":132,\"caption\":\"Level Consulting\"},\"image\":{\"@id\":\"https:\\\/\\\/www.levelconsulting.ch\\\/fr\\\/#\\\/schema\\\/logo\\\/image\\\/\"}}]}<\/script>\n<!-- \/ Yoast SEO plugin. -->","yoast_head_json":{"title":"Career Booster\u00a0 - New- \/ Outplacement - Level Consulting","robots":{"index":"index","follow":"follow","max-snippet":"max-snippet:-1","max-image-preview":"max-image-preview:large","max-video-preview":"max-video-preview:-1"},"canonical":"https:\/\/www.levelconsulting.ch\/fr\/new-outplacement\/career-booster\/","og_locale":"fr_FR","og_type":"article","og_title":"Career Booster\u00a0 - New- \/ Outplacement - Level Consulting","og_description":"Le \u00ab Career Booster \u00bb est un programme compact pour les adaptations des entreprises impos\u00e9es par le march\u00e9. Il soutient et d\u00e9charge les organisations lors de la mise en \u0153uvre rapide et efficace de mesures de personnel li\u00e9es \u00e0 la situation \u00e9conomique. Avec le Career Booster, nous nous concentrons sur l&rsquo;augmentation syst\u00e9matique de l&rsquo;attractivit\u00e9 des [&hellip;]","og_url":"https:\/\/www.levelconsulting.ch\/fr\/new-outplacement\/career-booster\/","og_site_name":"Level Consulting","article_modified_time":"2025-01-14T04:23:53+00:00","og_image":[{"width":1199,"height":300,"url":"https:\/\/www.levelconsulting.ch\/wp-content\/uploads\/2024\/11\/unser-beratung-1.jpg","type":"image\/jpeg"}],"twitter_card":"summary_large_image","twitter_misc":{"Dur\u00e9e de lecture estim\u00e9e":"2 minutes"},"schema":{"@context":"https:\/\/schema.org","@graph":[{"@type":"WebPage","@id":"https:\/\/www.levelconsulting.ch\/fr\/new-outplacement\/career-booster\/","url":"https:\/\/www.levelconsulting.ch\/fr\/new-outplacement\/career-booster\/","name":"Career Booster\u00a0 - New- \/ Outplacement - Level Consulting","isPartOf":{"@id":"https:\/\/www.levelconsulting.ch\/fr\/#website"},"primaryImageOfPage":{"@id":"https:\/\/www.levelconsulting.ch\/fr\/new-outplacement\/career-booster\/#primaryimage"},"image":{"@id":"https:\/\/www.levelconsulting.ch\/fr\/new-outplacement\/career-booster\/#primaryimage"},"thumbnailUrl":"https:\/\/www.levelconsulting.ch\/wp-content\/uploads\/2024\/11\/unser-beratung-1.jpg","datePublished":"2024-11-07T11:18:29+00:00","dateModified":"2025-01-14T04:23:53+00:00","breadcrumb":{"@id":"https:\/\/www.levelconsulting.ch\/fr\/new-outplacement\/career-booster\/#breadcrumb"},"inLanguage":"fr-FR","potentialAction":[{"@type":"ReadAction","target":["https:\/\/www.levelconsulting.ch\/fr\/new-outplacement\/career-booster\/"]}]},{"@type":"ImageObject","inLanguage":"fr-FR","@id":"https:\/\/www.levelconsulting.ch\/fr\/new-outplacement\/career-booster\/#primaryimage","url":"https:\/\/www.levelconsulting.ch\/wp-content\/uploads\/2024\/11\/unser-beratung-1.jpg","contentUrl":"https:\/\/www.levelconsulting.ch\/wp-content\/uploads\/2024\/11\/unser-beratung-1.jpg","width":1199,"height":300},{"@type":"BreadcrumbList","@id":"https:\/\/www.levelconsulting.ch\/fr\/new-outplacement\/career-booster\/#breadcrumb","itemListElement":[{"@type":"ListItem","position":1,"name":"Home","item":"https:\/\/www.levelconsulting.ch\/fr\/"},{"@type":"ListItem","position":2,"name":"New- \/ Outplacement"}]},{"@type":"WebSite","@id":"https:\/\/www.levelconsulting.ch\/fr\/#website","url":"https:\/\/www.levelconsulting.ch\/fr\/","name":"Level Consulting","description":"We bring the best together.","publisher":{"@id":"https:\/\/www.levelconsulting.ch\/fr\/#organization"},"potentialAction":[{"@type":"SearchAction","target":{"@type":"EntryPoint","urlTemplate":"https:\/\/www.levelconsulting.ch\/fr\/?s={search_term_string}"},"query-input":{"@type":"PropertyValueSpecification","valueRequired":true,"valueName":"search_term_string"}}],"inLanguage":"fr-FR"},{"@type":"Organization","@id":"https:\/\/www.levelconsulting.ch\/fr\/#organization","name":"Level Consulting","url":"https:\/\/www.levelconsulting.ch\/fr\/","logo":{"@type":"ImageObject","inLanguage":"fr-FR","@id":"https:\/\/www.levelconsulting.ch\/fr\/#\/schema\/logo\/image\/","url":"https:\/\/www.levelconsulting.ch\/wp-content\/uploads\/2019\/10\/logo-level-consulting.png","contentUrl":"https:\/\/www.levelconsulting.ch\/wp-content\/uploads\/2019\/10\/logo-level-consulting.png","width":300,"height":132,"caption":"Level Consulting"},"image":{"@id":"https:\/\/www.levelconsulting.ch\/fr\/#\/schema\/logo\/image\/"}}]}},"_links":{"self":[{"href":"https:\/\/www.levelconsulting.ch\/fr\/wp-json\/wp\/v2\/pages\/2549","targetHints":{"allow":["GET"]}}],"collection":[{"href":"https:\/\/www.levelconsulting.ch\/fr\/wp-json\/wp\/v2\/pages"}],"about":[{"href":"https:\/\/www.levelconsulting.ch\/fr\/wp-json\/wp\/v2\/types\/page"}],"author":[{"embeddable":true,"href":"https:\/\/www.levelconsulting.ch\/fr\/wp-json\/wp\/v2\/users\/1"}],"replies":[{"embeddable":true,"href":"https:\/\/www.levelconsulting.ch\/fr\/wp-json\/wp\/v2\/comments?post=2549"}],"version-history":[{"count":6,"href":"https:\/\/www.levelconsulting.ch\/fr\/wp-json\/wp\/v2\/pages\/2549\/revisions"}],"predecessor-version":[{"id":2857,"href":"https:\/\/www.levelconsulting.ch\/fr\/wp-json\/wp\/v2\/pages\/2549\/revisions\/2857"}],"up":[{"embeddable":true,"href":"https:\/\/www.levelconsulting.ch\/fr\/wp-json\/wp\/v2\/pages\/2453"}],"wp:featuredmedia":[{"embeddable":true,"href":"https:\/\/www.levelconsulting.ch\/fr\/wp-json\/wp\/v2\/media\/2537"}],"wp:attachment":[{"href":"https:\/\/www.levelconsulting.ch\/fr\/wp-json\/wp\/v2\/media?parent=2549"}],"curies":[{"name":"wp","href":"https:\/\/api.w.org\/{rel}","templated":true}]}}