{"id":2545,"date":"2024-11-07T11:17:04","date_gmt":"2024-11-07T11:17:04","guid":{"rendered":"https:\/\/levelconsulting.pegotec.dev\/?page_id=2545"},"modified":"2024-12-20T04:50:21","modified_gmt":"2024-12-20T04:50:21","slug":"our-expertise","status":"publish","type":"page","link":"https:\/\/www.levelconsulting.ch\/fr\/new-outplacement\/our-expertise\/","title":{"rendered":"Notre expertise\u00a0\u00a0"},"content":{"rendered":"\n<p>\u00a0Level Consulting est actif dans le domaine du conseil depuis plus de 20 ans. La qualit\u00e9 de ses conseils s&rsquo;appuie sur des connaissances d&rsquo;experts et des ann\u00e9es d&rsquo;exp\u00e9rience dans la r\u00e9solution de probl\u00e8mes. Nos expert(e)s reconnaissent les grands liens de causalit\u00e9s, font attention aux structures des caract\u00e9ristiques centrales et consacrent beaucoup de temps aux analyses qualitatives.\u00a0<\/p>\n\n\n\n<h2 class=\"wp-block-heading\">Consultant(e)s\u00a0\u00a0<\/h2>\n\n\n\n<p>\u00a0Outre des formations en gestion d&rsquo;entreprise de niveau universitaire, nos conseillers et conseill\u00e8res disposent \u00e9galement de connaissances psychologiques sp\u00e9cialis\u00e9es. La diversit\u00e9 et le m\u00e9lange des g\u00e9n\u00e9rations au sein de nos \u00e9quipes garantissent un portefeuille de connaissances approfondies, actuelles et \u00e9prouv\u00e9es \u00e0 tous les niveaux.\u00a0\u00a0<\/p>\n\n\n\n<h2 class=\"wp-block-heading\">Exp\u00e9rience\u00a0\u00a0<\/h2>\n\n\n\n<p>\u00a0Gr\u00e2ce \u00e0 notre longue exp\u00e9rience de coaching dans des missions de conseil exigeantes avec des cadres sup\u00e9rieurs, nous offrons \u00e0 nos clients une valeur ajout\u00e9e unique. Tous nos conseillers et conseill\u00e8res ont une exp\u00e9rience internationale, apportent de pr\u00e9cieuses connaissances acquises lors de postes de cadres et d&rsquo;activit\u00e9s entrepreneuriales et disposent de qualit\u00e9s de sparring-partner efficaces.\u00a0\u00a0<\/p>\n\n\n\n<h2 class=\"wp-block-heading\">Respect<\/h2>\n\n\n\n<p>\u00a0Nous rencontrons nos partenaires commerciaux avec un esprit de sinc\u00e9rit\u00e9, honn\u00eatet\u00e9 et respect. L&rsquo;\u00e9quit\u00e9 et l&rsquo;\u00e9galit\u00e9 des chances sont des valeurs centrales chez nous &#8211; chacun est trait\u00e9 avec la m\u00eame sinc\u00e9rit\u00e9 et on sait toujours \u00e0 quoi s&rsquo;en tenir chez nous. Un feed-back authentique compl\u00e8te chaque consultation.\u00a0<\/p>\n","protected":false},"excerpt":{"rendered":"<p>\u00a0Level Consulting est actif dans le domaine du conseil depuis plus de 20 ans. La qualit\u00e9 de ses conseils s&rsquo;appuie sur des connaissances d&rsquo;experts et des ann\u00e9es d&rsquo;exp\u00e9rience dans la r\u00e9solution de probl\u00e8mes. Nos expert(e)s reconnaissent les grands liens de causalit\u00e9s, font attention aux structures des caract\u00e9ristiques centrales et consacrent beaucoup de temps aux analyses [&hellip;]<\/p>\n","protected":false},"author":1,"featured_media":2537,"parent":2453,"menu_order":0,"comment_status":"closed","ping_status":"closed","template":"","meta":{"_acf_changed":false,"footnotes":""},"class_list":["post-2545","page","type-page","status-publish","has-post-thumbnail","hentry"],"acf":[],"yoast_head":"<!-- This site is optimized with the Yoast SEO plugin v27.5 - https:\/\/yoast.com\/product\/yoast-seo-wordpress\/ -->\n<title>Notre expertise\u00a0\u00a0 - New- \/ Outplacement - Level Consulting<\/title>\n<meta name=\"robots\" content=\"index, follow, max-snippet:-1, max-image-preview:large, max-video-preview:-1\" \/>\n<link rel=\"canonical\" href=\"https:\/\/www.levelconsulting.ch\/fr\/new-outplacement\/our-expertise\/\" \/>\n<meta property=\"og:locale\" content=\"fr_FR\" \/>\n<meta property=\"og:type\" content=\"article\" \/>\n<meta property=\"og:title\" content=\"Notre expertise\u00a0\u00a0 - New- \/ Outplacement - Level Consulting\" \/>\n<meta property=\"og:description\" content=\"\u00a0Level Consulting est actif dans le domaine du conseil depuis plus de 20 ans. La qualit\u00e9 de ses conseils s&rsquo;appuie sur des connaissances d&rsquo;experts et des ann\u00e9es d&rsquo;exp\u00e9rience dans la r\u00e9solution de probl\u00e8mes. Nos expert(e)s reconnaissent les grands liens de causalit\u00e9s, font attention aux structures des caract\u00e9ristiques centrales et consacrent beaucoup de temps aux analyses [&hellip;]\" \/>\n<meta property=\"og:url\" content=\"https:\/\/www.levelconsulting.ch\/fr\/new-outplacement\/our-expertise\/\" \/>\n<meta property=\"og:site_name\" content=\"Level Consulting\" \/>\n<meta property=\"article:modified_time\" content=\"2024-12-20T04:50:21+00:00\" \/>\n<meta property=\"og:image\" content=\"https:\/\/www.levelconsulting.ch\/wp-content\/uploads\/2024\/11\/unser-beratung-1.jpg\" \/>\n\t<meta property=\"og:image:width\" content=\"1199\" \/>\n\t<meta property=\"og:image:height\" content=\"300\" \/>\n\t<meta property=\"og:image:type\" content=\"image\/jpeg\" \/>\n<meta name=\"twitter:card\" content=\"summary_large_image\" \/>\n<meta name=\"twitter:label1\" content=\"Dur\u00e9e de lecture estim\u00e9e\" \/>\n\t<meta name=\"twitter:data1\" content=\"2 minutes\" \/>\n<script type=\"application\/ld+json\" class=\"yoast-schema-graph\">{\"@context\":\"https:\\\/\\\/schema.org\",\"@graph\":[{\"@type\":\"WebPage\",\"@id\":\"https:\\\/\\\/www.levelconsulting.ch\\\/fr\\\/new-outplacement\\\/our-expertise\\\/\",\"url\":\"https:\\\/\\\/www.levelconsulting.ch\\\/fr\\\/new-outplacement\\\/our-expertise\\\/\",\"name\":\"Notre expertise\u00a0\u00a0 - New- \\\/ Outplacement - Level Consulting\",\"isPartOf\":{\"@id\":\"https:\\\/\\\/www.levelconsulting.ch\\\/fr\\\/#website\"},\"primaryImageOfPage\":{\"@id\":\"https:\\\/\\\/www.levelconsulting.ch\\\/fr\\\/new-outplacement\\\/our-expertise\\\/#primaryimage\"},\"image\":{\"@id\":\"https:\\\/\\\/www.levelconsulting.ch\\\/fr\\\/new-outplacement\\\/our-expertise\\\/#primaryimage\"},\"thumbnailUrl\":\"https:\\\/\\\/www.levelconsulting.ch\\\/wp-content\\\/uploads\\\/2024\\\/11\\\/unser-beratung-1.jpg\",\"datePublished\":\"2024-11-07T11:17:04+00:00\",\"dateModified\":\"2024-12-20T04:50:21+00:00\",\"breadcrumb\":{\"@id\":\"https:\\\/\\\/www.levelconsulting.ch\\\/fr\\\/new-outplacement\\\/our-expertise\\\/#breadcrumb\"},\"inLanguage\":\"fr-FR\",\"potentialAction\":[{\"@type\":\"ReadAction\",\"target\":[\"https:\\\/\\\/www.levelconsulting.ch\\\/fr\\\/new-outplacement\\\/our-expertise\\\/\"]}]},{\"@type\":\"ImageObject\",\"inLanguage\":\"fr-FR\",\"@id\":\"https:\\\/\\\/www.levelconsulting.ch\\\/fr\\\/new-outplacement\\\/our-expertise\\\/#primaryimage\",\"url\":\"https:\\\/\\\/www.levelconsulting.ch\\\/wp-content\\\/uploads\\\/2024\\\/11\\\/unser-beratung-1.jpg\",\"contentUrl\":\"https:\\\/\\\/www.levelconsulting.ch\\\/wp-content\\\/uploads\\\/2024\\\/11\\\/unser-beratung-1.jpg\",\"width\":1199,\"height\":300},{\"@type\":\"BreadcrumbList\",\"@id\":\"https:\\\/\\\/www.levelconsulting.ch\\\/fr\\\/new-outplacement\\\/our-expertise\\\/#breadcrumb\",\"itemListElement\":[{\"@type\":\"ListItem\",\"position\":1,\"name\":\"Home\",\"item\":\"https:\\\/\\\/www.levelconsulting.ch\\\/fr\\\/\"},{\"@type\":\"ListItem\",\"position\":2,\"name\":\"New- \\\/ Outplacement\"}]},{\"@type\":\"WebSite\",\"@id\":\"https:\\\/\\\/www.levelconsulting.ch\\\/fr\\\/#website\",\"url\":\"https:\\\/\\\/www.levelconsulting.ch\\\/fr\\\/\",\"name\":\"Level Consulting\",\"description\":\"We bring the best together.\",\"publisher\":{\"@id\":\"https:\\\/\\\/www.levelconsulting.ch\\\/fr\\\/#organization\"},\"potentialAction\":[{\"@type\":\"SearchAction\",\"target\":{\"@type\":\"EntryPoint\",\"urlTemplate\":\"https:\\\/\\\/www.levelconsulting.ch\\\/fr\\\/?s={search_term_string}\"},\"query-input\":{\"@type\":\"PropertyValueSpecification\",\"valueRequired\":true,\"valueName\":\"search_term_string\"}}],\"inLanguage\":\"fr-FR\"},{\"@type\":\"Organization\",\"@id\":\"https:\\\/\\\/www.levelconsulting.ch\\\/fr\\\/#organization\",\"name\":\"Level Consulting\",\"url\":\"https:\\\/\\\/www.levelconsulting.ch\\\/fr\\\/\",\"logo\":{\"@type\":\"ImageObject\",\"inLanguage\":\"fr-FR\",\"@id\":\"https:\\\/\\\/www.levelconsulting.ch\\\/fr\\\/#\\\/schema\\\/logo\\\/image\\\/\",\"url\":\"https:\\\/\\\/www.levelconsulting.ch\\\/wp-content\\\/uploads\\\/2019\\\/10\\\/logo-level-consulting.png\",\"contentUrl\":\"https:\\\/\\\/www.levelconsulting.ch\\\/wp-content\\\/uploads\\\/2019\\\/10\\\/logo-level-consulting.png\",\"width\":300,\"height\":132,\"caption\":\"Level Consulting\"},\"image\":{\"@id\":\"https:\\\/\\\/www.levelconsulting.ch\\\/fr\\\/#\\\/schema\\\/logo\\\/image\\\/\"}}]}<\/script>\n<!-- \/ Yoast SEO plugin. -->","yoast_head_json":{"title":"Notre expertise\u00a0\u00a0 - New- \/ Outplacement - Level Consulting","robots":{"index":"index","follow":"follow","max-snippet":"max-snippet:-1","max-image-preview":"max-image-preview:large","max-video-preview":"max-video-preview:-1"},"canonical":"https:\/\/www.levelconsulting.ch\/fr\/new-outplacement\/our-expertise\/","og_locale":"fr_FR","og_type":"article","og_title":"Notre expertise\u00a0\u00a0 - New- \/ Outplacement - Level Consulting","og_description":"\u00a0Level Consulting est actif dans le domaine du conseil depuis plus de 20 ans. La qualit\u00e9 de ses conseils s&rsquo;appuie sur des connaissances d&rsquo;experts et des ann\u00e9es d&rsquo;exp\u00e9rience dans la r\u00e9solution de probl\u00e8mes. Nos expert(e)s reconnaissent les grands liens de causalit\u00e9s, font attention aux structures des caract\u00e9ristiques centrales et consacrent beaucoup de temps aux analyses [&hellip;]","og_url":"https:\/\/www.levelconsulting.ch\/fr\/new-outplacement\/our-expertise\/","og_site_name":"Level Consulting","article_modified_time":"2024-12-20T04:50:21+00:00","og_image":[{"width":1199,"height":300,"url":"https:\/\/www.levelconsulting.ch\/wp-content\/uploads\/2024\/11\/unser-beratung-1.jpg","type":"image\/jpeg"}],"twitter_card":"summary_large_image","twitter_misc":{"Dur\u00e9e de lecture estim\u00e9e":"2 minutes"},"schema":{"@context":"https:\/\/schema.org","@graph":[{"@type":"WebPage","@id":"https:\/\/www.levelconsulting.ch\/fr\/new-outplacement\/our-expertise\/","url":"https:\/\/www.levelconsulting.ch\/fr\/new-outplacement\/our-expertise\/","name":"Notre expertise\u00a0\u00a0 - New- \/ Outplacement - Level Consulting","isPartOf":{"@id":"https:\/\/www.levelconsulting.ch\/fr\/#website"},"primaryImageOfPage":{"@id":"https:\/\/www.levelconsulting.ch\/fr\/new-outplacement\/our-expertise\/#primaryimage"},"image":{"@id":"https:\/\/www.levelconsulting.ch\/fr\/new-outplacement\/our-expertise\/#primaryimage"},"thumbnailUrl":"https:\/\/www.levelconsulting.ch\/wp-content\/uploads\/2024\/11\/unser-beratung-1.jpg","datePublished":"2024-11-07T11:17:04+00:00","dateModified":"2024-12-20T04:50:21+00:00","breadcrumb":{"@id":"https:\/\/www.levelconsulting.ch\/fr\/new-outplacement\/our-expertise\/#breadcrumb"},"inLanguage":"fr-FR","potentialAction":[{"@type":"ReadAction","target":["https:\/\/www.levelconsulting.ch\/fr\/new-outplacement\/our-expertise\/"]}]},{"@type":"ImageObject","inLanguage":"fr-FR","@id":"https:\/\/www.levelconsulting.ch\/fr\/new-outplacement\/our-expertise\/#primaryimage","url":"https:\/\/www.levelconsulting.ch\/wp-content\/uploads\/2024\/11\/unser-beratung-1.jpg","contentUrl":"https:\/\/www.levelconsulting.ch\/wp-content\/uploads\/2024\/11\/unser-beratung-1.jpg","width":1199,"height":300},{"@type":"BreadcrumbList","@id":"https:\/\/www.levelconsulting.ch\/fr\/new-outplacement\/our-expertise\/#breadcrumb","itemListElement":[{"@type":"ListItem","position":1,"name":"Home","item":"https:\/\/www.levelconsulting.ch\/fr\/"},{"@type":"ListItem","position":2,"name":"New- \/ Outplacement"}]},{"@type":"WebSite","@id":"https:\/\/www.levelconsulting.ch\/fr\/#website","url":"https:\/\/www.levelconsulting.ch\/fr\/","name":"Level Consulting","description":"We bring the best together.","publisher":{"@id":"https:\/\/www.levelconsulting.ch\/fr\/#organization"},"potentialAction":[{"@type":"SearchAction","target":{"@type":"EntryPoint","urlTemplate":"https:\/\/www.levelconsulting.ch\/fr\/?s={search_term_string}"},"query-input":{"@type":"PropertyValueSpecification","valueRequired":true,"valueName":"search_term_string"}}],"inLanguage":"fr-FR"},{"@type":"Organization","@id":"https:\/\/www.levelconsulting.ch\/fr\/#organization","name":"Level Consulting","url":"https:\/\/www.levelconsulting.ch\/fr\/","logo":{"@type":"ImageObject","inLanguage":"fr-FR","@id":"https:\/\/www.levelconsulting.ch\/fr\/#\/schema\/logo\/image\/","url":"https:\/\/www.levelconsulting.ch\/wp-content\/uploads\/2019\/10\/logo-level-consulting.png","contentUrl":"https:\/\/www.levelconsulting.ch\/wp-content\/uploads\/2019\/10\/logo-level-consulting.png","width":300,"height":132,"caption":"Level Consulting"},"image":{"@id":"https:\/\/www.levelconsulting.ch\/fr\/#\/schema\/logo\/image\/"}}]}},"_links":{"self":[{"href":"https:\/\/www.levelconsulting.ch\/fr\/wp-json\/wp\/v2\/pages\/2545","targetHints":{"allow":["GET"]}}],"collection":[{"href":"https:\/\/www.levelconsulting.ch\/fr\/wp-json\/wp\/v2\/pages"}],"about":[{"href":"https:\/\/www.levelconsulting.ch\/fr\/wp-json\/wp\/v2\/types\/page"}],"author":[{"embeddable":true,"href":"https:\/\/www.levelconsulting.ch\/fr\/wp-json\/wp\/v2\/users\/1"}],"replies":[{"embeddable":true,"href":"https:\/\/www.levelconsulting.ch\/fr\/wp-json\/wp\/v2\/comments?post=2545"}],"version-history":[{"count":2,"href":"https:\/\/www.levelconsulting.ch\/fr\/wp-json\/wp\/v2\/pages\/2545\/revisions"}],"predecessor-version":[{"id":2662,"href":"https:\/\/www.levelconsulting.ch\/fr\/wp-json\/wp\/v2\/pages\/2545\/revisions\/2662"}],"up":[{"embeddable":true,"href":"https:\/\/www.levelconsulting.ch\/fr\/wp-json\/wp\/v2\/pages\/2453"}],"wp:featuredmedia":[{"embeddable":true,"href":"https:\/\/www.levelconsulting.ch\/fr\/wp-json\/wp\/v2\/media\/2537"}],"wp:attachment":[{"href":"https:\/\/www.levelconsulting.ch\/fr\/wp-json\/wp\/v2\/media?parent=2545"}],"curies":[{"name":"wp","href":"https:\/\/api.w.org\/{rel}","templated":true}]}}