{"id":2536,"date":"2024-11-07T11:16:00","date_gmt":"2024-11-07T11:16:00","guid":{"rendered":"https:\/\/levelconsulting.pegotec.dev\/?page_id=2536"},"modified":"2025-01-23T06:42:42","modified_gmt":"2025-01-23T06:42:42","slug":"our-new-outplacement-and-personal-assessment","status":"publish","type":"page","link":"https:\/\/www.levelconsulting.ch\/fr\/new-outplacement\/our-new-outplacement-and-personal-assessment\/","title":{"rendered":"New-\/Outplacement et bilan de comp\u00e9tences\u00a0"},"content":{"rendered":"\n<h2 class=\"wp-block-heading\">New-\/Outplacement et bilan de comp\u00e9tences&nbsp;<\/h2>\n\n\n\n<p>L&rsquo;\u00e9volution des conditions du march\u00e9 et les adaptations organisationnelles n\u00e9cessitent souvent des mesures qui conduisent \u00e0 une r\u00e9orientation professionnelle. Nous accompagnons les entreprises et les collaborateurs dans cette situation avec comp\u00e9tence, honn\u00eatet\u00e9 et en tenant compte de vos attentes et de vos besoins. Nous aidons les sp\u00e9cialistes et les cadres \u00e0 d\u00e9velopper une perspective et une strat\u00e9gie de carri\u00e8re \u00e0 long terme en les pr\u00e9parant au march\u00e9 du travail en tant que sparring partner. Nous connaissons les conditions du march\u00e9, le march\u00e9 cach\u00e9 de l&#8217;emploi et offrons un r\u00e9seau dense de partenaires.&nbsp;<\/p>\n\n\n\n<h2 class=\"wp-block-heading\"><br>New-\/Outplacement&nbsp;<\/h2>\n\n\n\n<p>Level Consulting dispose d&rsquo;une longue exp\u00e9rience dans l&rsquo;accompagnement des cadres et des collaborateurs dans une phase de r\u00e9orientation et propose un portefeuille de services cibl\u00e9s et d&rsquo;outils uniques. Les paquets de prestations sont con\u00e7us pour un conseil individuel et sur mesure.&nbsp;<\/p>\n\n\n\n<br>\n\n\n\n<h2 class=\"wp-block-heading\">7 phases pour un nouveau d\u00e9part r\u00e9ussi&nbsp;<\/h2>\n\n\n\n<br><div class=\"d-flex process-chart process-chart-lc\">\n    <div class=\"\"><span class=\"center-block\"> Check-in de bienvenue\u202f: R\u00e9flexion &#8211; bilan de vie honn\u00eate <\/span><\/div>\n    <div class=\"\"><span class=\"center-block\"> Analyse du march\u00e9 du travail <\/span><\/div>\n    <div class=\"\"><span class=\"center-block\">Objectif individuel<\/span><\/div>\n    <div class=\"\"><span class=\"center-block\"> Traitement du march\u00e9 <\/span><\/div>\n    <div class=\"\"><span class=\"center-block\">Entretien d&#8217;embauche <\/span><\/div>\n    <div class=\"\"><span class=\"center-block\">D\u00e9cision<\/span><\/div>\n    <div class=\"\"><span class=\"center-block\"> Nouveau d\u00e9part <\/span><\/div>\n<\/div><br>\n\n\n\n<figure class=\"wp-block-table table table-striped\"><table><tbody><tr><td>Welcome Check In<\/td><td>R\u00e9flexion \u2013 bilan de vie sinc\u00e8re&nbsp;<\/td><\/tr><tr><td>Analyse&nbsp;<\/td><td>Faire le point sur sa situation personnelle et sur le march\u00e9 du travail&nbsp;<br>Apprendre \u00e0 se conna\u00eetre \u00e0 nouveau&nbsp;<\/td><\/tr><tr><td>Fixation d\u2018objectifs&nbsp;<\/td><td>Mettre en \u0153uvre l&rsquo;autogestion avec succ\u00e8s&nbsp;<\/td><\/tr><tr><td>Prospection du march\u00e9&nbsp;<\/td><td>Conna\u00eetre des strat\u00e9gies efficaces de conqu\u00eate du march\u00e9&nbsp;<br>et les mettre en \u0153uvre&nbsp;&nbsp;&nbsp;<\/td><\/tr><tr><td>Introduction&nbsp;<\/td><td>Pr\u00e9sentation convaincante et professionnelle&nbsp;<\/td><\/tr><tr><td>D\u00e9cision&nbsp;<\/td><td>Trouver une d\u00e9cision personnelle et convaincante&nbsp;<\/td><\/tr><tr><td>Nouveau d\u00e9but&nbsp;<\/td><td>Un nouveau d\u00e9part efficace, une int\u00e9gration r\u00e9ussie&nbsp;<\/td><\/tr><\/tbody><\/table><\/figure>\n\n\n\n<\/br>\n\n\n\n<h2 class=\"wp-block-heading\">Bilan de la situation&nbsp;<\/h2>\n\n\n\n<\/br>\n\n\n\n<p>La gestion du cycle de carri\u00e8re est un \u00e9l\u00e9ment central de la gestion d&rsquo;entreprise. Mais elle fait aussi partie de la responsabilit\u00e9 personnelle de chacun et chacune. Celui qui ne conna\u00eet pas sa position erre sans but ! Dans toute carri\u00e8re exemplaire, il y a des \u00ab tournants \u00bb qui exigent des d\u00e9cisions. Ces questions importantes requi\u00e8rent des comp\u00e9tences d&rsquo;action et un leadership actif. Level Consulting soutient les entreprises et les collaborateurs dans les impasses professionnelles, dans la gestion du changement et dans la recherche de nouveaux r\u00f4les.&nbsp;<\/p>\n","protected":false},"excerpt":{"rendered":"<p>New-\/Outplacement et bilan de comp\u00e9tences&nbsp; L&rsquo;\u00e9volution des conditions du march\u00e9 et les adaptations organisationnelles n\u00e9cessitent souvent des mesures qui conduisent \u00e0 une r\u00e9orientation professionnelle. Nous accompagnons les entreprises et les collaborateurs dans cette situation avec comp\u00e9tence, honn\u00eatet\u00e9 et en tenant compte de vos attentes et de vos besoins. Nous aidons les sp\u00e9cialistes et les cadres [&hellip;]<\/p>\n","protected":false},"author":1,"featured_media":2537,"parent":2453,"menu_order":0,"comment_status":"closed","ping_status":"closed","template":"","meta":{"_acf_changed":false,"footnotes":""},"class_list":["post-2536","page","type-page","status-publish","has-post-thumbnail","hentry"],"acf":[],"yoast_head":"<!-- This site is optimized with the Yoast SEO plugin v27.5 - https:\/\/yoast.com\/product\/yoast-seo-wordpress\/ -->\n<title>New-\/Outplacement et bilan de comp\u00e9tences\u00a0 - New- \/ Outplacement - Level Consulting<\/title>\n<meta name=\"robots\" content=\"index, follow, max-snippet:-1, max-image-preview:large, max-video-preview:-1\" \/>\n<link rel=\"canonical\" href=\"https:\/\/www.levelconsulting.ch\/fr\/new-outplacement\/our-new-outplacement-and-personal-assessment\/\" \/>\n<meta property=\"og:locale\" content=\"fr_FR\" \/>\n<meta property=\"og:type\" content=\"article\" \/>\n<meta property=\"og:title\" content=\"New-\/Outplacement et bilan de comp\u00e9tences\u00a0 - New- \/ Outplacement - Level Consulting\" \/>\n<meta property=\"og:description\" content=\"New-\/Outplacement et bilan de comp\u00e9tences&nbsp; L&rsquo;\u00e9volution des conditions du march\u00e9 et les adaptations organisationnelles n\u00e9cessitent souvent des mesures qui conduisent \u00e0 une r\u00e9orientation professionnelle. Nous accompagnons les entreprises et les collaborateurs dans cette situation avec comp\u00e9tence, honn\u00eatet\u00e9 et en tenant compte de vos attentes et de vos besoins. Nous aidons les sp\u00e9cialistes et les cadres [&hellip;]\" \/>\n<meta property=\"og:url\" content=\"https:\/\/www.levelconsulting.ch\/fr\/new-outplacement\/our-new-outplacement-and-personal-assessment\/\" \/>\n<meta property=\"og:site_name\" content=\"Level Consulting\" \/>\n<meta property=\"article:modified_time\" content=\"2025-01-23T06:42:42+00:00\" \/>\n<meta property=\"og:image\" content=\"https:\/\/www.levelconsulting.ch\/wp-content\/uploads\/2024\/11\/unser-beratung-1.jpg\" \/>\n\t<meta property=\"og:image:width\" content=\"1199\" \/>\n\t<meta property=\"og:image:height\" content=\"300\" \/>\n\t<meta property=\"og:image:type\" content=\"image\/jpeg\" \/>\n<meta name=\"twitter:card\" content=\"summary_large_image\" \/>\n<meta name=\"twitter:label1\" content=\"Dur\u00e9e de lecture estim\u00e9e\" \/>\n\t<meta name=\"twitter:data1\" content=\"2 minutes\" \/>\n<script type=\"application\/ld+json\" class=\"yoast-schema-graph\">{\"@context\":\"https:\\\/\\\/schema.org\",\"@graph\":[{\"@type\":\"WebPage\",\"@id\":\"https:\\\/\\\/www.levelconsulting.ch\\\/fr\\\/new-outplacement\\\/our-new-outplacement-and-personal-assessment\\\/\",\"url\":\"https:\\\/\\\/www.levelconsulting.ch\\\/fr\\\/new-outplacement\\\/our-new-outplacement-and-personal-assessment\\\/\",\"name\":\"New-\\\/Outplacement et bilan de comp\u00e9tences\u00a0 - New- \\\/ Outplacement - Level Consulting\",\"isPartOf\":{\"@id\":\"https:\\\/\\\/www.levelconsulting.ch\\\/fr\\\/#website\"},\"primaryImageOfPage\":{\"@id\":\"https:\\\/\\\/www.levelconsulting.ch\\\/fr\\\/new-outplacement\\\/our-new-outplacement-and-personal-assessment\\\/#primaryimage\"},\"image\":{\"@id\":\"https:\\\/\\\/www.levelconsulting.ch\\\/fr\\\/new-outplacement\\\/our-new-outplacement-and-personal-assessment\\\/#primaryimage\"},\"thumbnailUrl\":\"https:\\\/\\\/www.levelconsulting.ch\\\/wp-content\\\/uploads\\\/2024\\\/11\\\/unser-beratung-1.jpg\",\"datePublished\":\"2024-11-07T11:16:00+00:00\",\"dateModified\":\"2025-01-23T06:42:42+00:00\",\"breadcrumb\":{\"@id\":\"https:\\\/\\\/www.levelconsulting.ch\\\/fr\\\/new-outplacement\\\/our-new-outplacement-and-personal-assessment\\\/#breadcrumb\"},\"inLanguage\":\"fr-FR\",\"potentialAction\":[{\"@type\":\"ReadAction\",\"target\":[\"https:\\\/\\\/www.levelconsulting.ch\\\/fr\\\/new-outplacement\\\/our-new-outplacement-and-personal-assessment\\\/\"]}]},{\"@type\":\"ImageObject\",\"inLanguage\":\"fr-FR\",\"@id\":\"https:\\\/\\\/www.levelconsulting.ch\\\/fr\\\/new-outplacement\\\/our-new-outplacement-and-personal-assessment\\\/#primaryimage\",\"url\":\"https:\\\/\\\/www.levelconsulting.ch\\\/wp-content\\\/uploads\\\/2024\\\/11\\\/unser-beratung-1.jpg\",\"contentUrl\":\"https:\\\/\\\/www.levelconsulting.ch\\\/wp-content\\\/uploads\\\/2024\\\/11\\\/unser-beratung-1.jpg\",\"width\":1199,\"height\":300},{\"@type\":\"BreadcrumbList\",\"@id\":\"https:\\\/\\\/www.levelconsulting.ch\\\/fr\\\/new-outplacement\\\/our-new-outplacement-and-personal-assessment\\\/#breadcrumb\",\"itemListElement\":[{\"@type\":\"ListItem\",\"position\":1,\"name\":\"Home\",\"item\":\"https:\\\/\\\/www.levelconsulting.ch\\\/fr\\\/\"},{\"@type\":\"ListItem\",\"position\":2,\"name\":\"New- \\\/ Outplacement\"}]},{\"@type\":\"WebSite\",\"@id\":\"https:\\\/\\\/www.levelconsulting.ch\\\/fr\\\/#website\",\"url\":\"https:\\\/\\\/www.levelconsulting.ch\\\/fr\\\/\",\"name\":\"Level Consulting\",\"description\":\"We bring the best together.\",\"publisher\":{\"@id\":\"https:\\\/\\\/www.levelconsulting.ch\\\/fr\\\/#organization\"},\"potentialAction\":[{\"@type\":\"SearchAction\",\"target\":{\"@type\":\"EntryPoint\",\"urlTemplate\":\"https:\\\/\\\/www.levelconsulting.ch\\\/fr\\\/?s={search_term_string}\"},\"query-input\":{\"@type\":\"PropertyValueSpecification\",\"valueRequired\":true,\"valueName\":\"search_term_string\"}}],\"inLanguage\":\"fr-FR\"},{\"@type\":\"Organization\",\"@id\":\"https:\\\/\\\/www.levelconsulting.ch\\\/fr\\\/#organization\",\"name\":\"Level Consulting\",\"url\":\"https:\\\/\\\/www.levelconsulting.ch\\\/fr\\\/\",\"logo\":{\"@type\":\"ImageObject\",\"inLanguage\":\"fr-FR\",\"@id\":\"https:\\\/\\\/www.levelconsulting.ch\\\/fr\\\/#\\\/schema\\\/logo\\\/image\\\/\",\"url\":\"https:\\\/\\\/www.levelconsulting.ch\\\/wp-content\\\/uploads\\\/2019\\\/10\\\/logo-level-consulting.png\",\"contentUrl\":\"https:\\\/\\\/www.levelconsulting.ch\\\/wp-content\\\/uploads\\\/2019\\\/10\\\/logo-level-consulting.png\",\"width\":300,\"height\":132,\"caption\":\"Level Consulting\"},\"image\":{\"@id\":\"https:\\\/\\\/www.levelconsulting.ch\\\/fr\\\/#\\\/schema\\\/logo\\\/image\\\/\"}}]}<\/script>\n<!-- \/ Yoast SEO plugin. -->","yoast_head_json":{"title":"New-\/Outplacement et bilan de comp\u00e9tences\u00a0 - New- \/ Outplacement - Level Consulting","robots":{"index":"index","follow":"follow","max-snippet":"max-snippet:-1","max-image-preview":"max-image-preview:large","max-video-preview":"max-video-preview:-1"},"canonical":"https:\/\/www.levelconsulting.ch\/fr\/new-outplacement\/our-new-outplacement-and-personal-assessment\/","og_locale":"fr_FR","og_type":"article","og_title":"New-\/Outplacement et bilan de comp\u00e9tences\u00a0 - New- \/ Outplacement - Level Consulting","og_description":"New-\/Outplacement et bilan de comp\u00e9tences&nbsp; L&rsquo;\u00e9volution des conditions du march\u00e9 et les adaptations organisationnelles n\u00e9cessitent souvent des mesures qui conduisent \u00e0 une r\u00e9orientation professionnelle. Nous accompagnons les entreprises et les collaborateurs dans cette situation avec comp\u00e9tence, honn\u00eatet\u00e9 et en tenant compte de vos attentes et de vos besoins. Nous aidons les sp\u00e9cialistes et les cadres [&hellip;]","og_url":"https:\/\/www.levelconsulting.ch\/fr\/new-outplacement\/our-new-outplacement-and-personal-assessment\/","og_site_name":"Level Consulting","article_modified_time":"2025-01-23T06:42:42+00:00","og_image":[{"width":1199,"height":300,"url":"https:\/\/www.levelconsulting.ch\/wp-content\/uploads\/2024\/11\/unser-beratung-1.jpg","type":"image\/jpeg"}],"twitter_card":"summary_large_image","twitter_misc":{"Dur\u00e9e de lecture estim\u00e9e":"2 minutes"},"schema":{"@context":"https:\/\/schema.org","@graph":[{"@type":"WebPage","@id":"https:\/\/www.levelconsulting.ch\/fr\/new-outplacement\/our-new-outplacement-and-personal-assessment\/","url":"https:\/\/www.levelconsulting.ch\/fr\/new-outplacement\/our-new-outplacement-and-personal-assessment\/","name":"New-\/Outplacement et bilan de comp\u00e9tences\u00a0 - New- \/ Outplacement - Level Consulting","isPartOf":{"@id":"https:\/\/www.levelconsulting.ch\/fr\/#website"},"primaryImageOfPage":{"@id":"https:\/\/www.levelconsulting.ch\/fr\/new-outplacement\/our-new-outplacement-and-personal-assessment\/#primaryimage"},"image":{"@id":"https:\/\/www.levelconsulting.ch\/fr\/new-outplacement\/our-new-outplacement-and-personal-assessment\/#primaryimage"},"thumbnailUrl":"https:\/\/www.levelconsulting.ch\/wp-content\/uploads\/2024\/11\/unser-beratung-1.jpg","datePublished":"2024-11-07T11:16:00+00:00","dateModified":"2025-01-23T06:42:42+00:00","breadcrumb":{"@id":"https:\/\/www.levelconsulting.ch\/fr\/new-outplacement\/our-new-outplacement-and-personal-assessment\/#breadcrumb"},"inLanguage":"fr-FR","potentialAction":[{"@type":"ReadAction","target":["https:\/\/www.levelconsulting.ch\/fr\/new-outplacement\/our-new-outplacement-and-personal-assessment\/"]}]},{"@type":"ImageObject","inLanguage":"fr-FR","@id":"https:\/\/www.levelconsulting.ch\/fr\/new-outplacement\/our-new-outplacement-and-personal-assessment\/#primaryimage","url":"https:\/\/www.levelconsulting.ch\/wp-content\/uploads\/2024\/11\/unser-beratung-1.jpg","contentUrl":"https:\/\/www.levelconsulting.ch\/wp-content\/uploads\/2024\/11\/unser-beratung-1.jpg","width":1199,"height":300},{"@type":"BreadcrumbList","@id":"https:\/\/www.levelconsulting.ch\/fr\/new-outplacement\/our-new-outplacement-and-personal-assessment\/#breadcrumb","itemListElement":[{"@type":"ListItem","position":1,"name":"Home","item":"https:\/\/www.levelconsulting.ch\/fr\/"},{"@type":"ListItem","position":2,"name":"New- \/ Outplacement"}]},{"@type":"WebSite","@id":"https:\/\/www.levelconsulting.ch\/fr\/#website","url":"https:\/\/www.levelconsulting.ch\/fr\/","name":"Level Consulting","description":"We bring the best together.","publisher":{"@id":"https:\/\/www.levelconsulting.ch\/fr\/#organization"},"potentialAction":[{"@type":"SearchAction","target":{"@type":"EntryPoint","urlTemplate":"https:\/\/www.levelconsulting.ch\/fr\/?s={search_term_string}"},"query-input":{"@type":"PropertyValueSpecification","valueRequired":true,"valueName":"search_term_string"}}],"inLanguage":"fr-FR"},{"@type":"Organization","@id":"https:\/\/www.levelconsulting.ch\/fr\/#organization","name":"Level Consulting","url":"https:\/\/www.levelconsulting.ch\/fr\/","logo":{"@type":"ImageObject","inLanguage":"fr-FR","@id":"https:\/\/www.levelconsulting.ch\/fr\/#\/schema\/logo\/image\/","url":"https:\/\/www.levelconsulting.ch\/wp-content\/uploads\/2019\/10\/logo-level-consulting.png","contentUrl":"https:\/\/www.levelconsulting.ch\/wp-content\/uploads\/2019\/10\/logo-level-consulting.png","width":300,"height":132,"caption":"Level Consulting"},"image":{"@id":"https:\/\/www.levelconsulting.ch\/fr\/#\/schema\/logo\/image\/"}}]}},"_links":{"self":[{"href":"https:\/\/www.levelconsulting.ch\/fr\/wp-json\/wp\/v2\/pages\/2536","targetHints":{"allow":["GET"]}}],"collection":[{"href":"https:\/\/www.levelconsulting.ch\/fr\/wp-json\/wp\/v2\/pages"}],"about":[{"href":"https:\/\/www.levelconsulting.ch\/fr\/wp-json\/wp\/v2\/types\/page"}],"author":[{"embeddable":true,"href":"https:\/\/www.levelconsulting.ch\/fr\/wp-json\/wp\/v2\/users\/1"}],"replies":[{"embeddable":true,"href":"https:\/\/www.levelconsulting.ch\/fr\/wp-json\/wp\/v2\/comments?post=2536"}],"version-history":[{"count":12,"href":"https:\/\/www.levelconsulting.ch\/fr\/wp-json\/wp\/v2\/pages\/2536\/revisions"}],"predecessor-version":[{"id":2875,"href":"https:\/\/www.levelconsulting.ch\/fr\/wp-json\/wp\/v2\/pages\/2536\/revisions\/2875"}],"up":[{"embeddable":true,"href":"https:\/\/www.levelconsulting.ch\/fr\/wp-json\/wp\/v2\/pages\/2453"}],"wp:featuredmedia":[{"embeddable":true,"href":"https:\/\/www.levelconsulting.ch\/fr\/wp-json\/wp\/v2\/media\/2537"}],"wp:attachment":[{"href":"https:\/\/www.levelconsulting.ch\/fr\/wp-json\/wp\/v2\/media?parent=2536"}],"curies":[{"name":"wp","href":"https:\/\/api.w.org\/{rel}","templated":true}]}}