{"id":2526,"date":"2024-11-07T11:12:02","date_gmt":"2024-11-07T11:12:02","guid":{"rendered":"https:\/\/levelconsulting.pegotec.dev\/?page_id=2526"},"modified":"2024-12-20T04:12:55","modified_gmt":"2024-12-20T04:12:55","slug":"research","status":"publish","type":"page","link":"https:\/\/www.levelconsulting.ch\/fr\/executive-search-selection\/research\/","title":{"rendered":"Recherche\u00a0"},"content":{"rendered":"\n<p>La connaissance et l&rsquo;utilisation efficace des diff\u00e9rents canaux de recherche constituent la base de l&rsquo;identification et de l&rsquo;approche des personnes les plus appropri\u00e9es. La combinaison optimale des diff\u00e9rents instruments de recherche varie de cas en cas. Sur la base d&rsquo;un profil de r\u00e9ussite d\u00e9fini en commun pour le poste \u00e0 pourvoir, nous \u00e9laborons pour vous une strat\u00e9gie de recherche sur mesure qui combine les diff\u00e9rents instruments de recherche et garantit que les bonnes personnes sont atteintes en temps voulu :\u00a0<\/p>\n\n\n\n<h2 class=\"wp-block-heading\">M\u00e9dias sociaux\u00a0<\/h2>\n\n\n\n<p>Les nouveaux m\u00e9dias sont un \u00e9l\u00e9ment essentiel du recrutement moderne. Leur utilisation cibl\u00e9e et professionnelle exige toutefois une connaissance approfondie et un suivi permanent de leur \u00e9volution rapide. Depuis de nombreuses ann\u00e9es, nous suivons l&rsquo;\u00e9volution en premi\u00e8re ligne et connaissons les tendances et les d\u00e9veloppements du march\u00e9 de premi\u00e8re main. Que ce soit dans le domaine de l&rsquo;identification de candidats potentiels ou de la diffusion virale d&rsquo;\u00ab opportunit\u00e9s d&#8217;emploi \u00bb.\u00a0<\/p>\n\n\n\n<h2 class=\"wp-block-heading\">Approche directe\u00a0<\/h2>\n\n\n\n<p>Outre les m\u00e9dias sociaux, l&rsquo;identification de candidats potentiels se fait \u00e9galement via des listes d&rsquo;entreprises cibles, des bases de donn\u00e9es et des r\u00e9seaux personnels. Dans tous les cas, il est n\u00e9cessaire de disposer de connaissances approfondies du secteur ou du march\u00e9 afin d&rsquo;identifier, d&rsquo;aborder et de gagner les bonnes personnalit\u00e9s. Ici aussi, il est tr\u00e8s important de se concerter \u00e9troitement avec le client.\u00a0<\/p>\n\n\n\n<h2 class=\"wp-block-heading\">M\u00e9dias imprim\u00e9s et en ligne\u00a0<\/h2>\n\n\n\n<p>Bien que d\u00e9clar\u00e9e morte depuis longtemps, les annonces imprim\u00e9es et surtout en ligne constituent toujours un pilier important de la recherche, car elles permettent d&rsquo;acc\u00e9der \u00e0 un large march\u00e9 et donc de s&rsquo;adresser aux groupes cibles les plus divers. Dans ce contexte, il est toutefois important d&rsquo;identifier les bonnes plateformes parmi les nombreuses possibilit\u00e9s. En compl\u00e9ment, le texte de l&rsquo;annonce doit donner une image r\u00e9aliste des exigences et vendre activement l&rsquo;entreprise et le poste vacant.\u00a0<\/p>\n\n\n\n<h2 class=\"wp-block-heading\">Bases de donn\u00e9es et r\u00e9seaux personnels\u00a0<\/h2>\n\n\n\n<p>Une base de donn\u00e9es compl\u00e8te ainsi que nos r\u00e9seaux personnels sp\u00e9cifiques \u00e0 la branche vous offrent un autre acc\u00e8s direct et en temps r\u00e9el au march\u00e9 et donc \u00e0 des candidats* potentiels. Nous atteignons ainsi \u00e9galement des personnes qui ne s&rsquo;orientent pas activement sur le march\u00e9.\u00a0<\/p>\n\n\n\n<h2 class=\"wp-block-heading\">R\u00e9seau IIC Partners\u00a0<\/h2>\n\n\n\n<p>Gr\u00e2ce \u00e0 notre appartenance au r\u00e9seau mondial <a href=\"https:\/\/www.levelconsulting.ch\/netzwerk\/\" target=\"_blank\" rel=\"noreferrer noopener\">IIC Partners<\/a>, nous sommes \u00e9galement en mesure d&rsquo;identifier et d&rsquo;aborder les bonnes personnes au niveau international.\u00a0<\/p>\n","protected":false},"excerpt":{"rendered":"<p>La connaissance et l&rsquo;utilisation efficace des diff\u00e9rents canaux de recherche constituent la base de l&rsquo;identification et de l&rsquo;approche des personnes les plus appropri\u00e9es. La combinaison optimale des diff\u00e9rents instruments de recherche varie de cas en cas. Sur la base d&rsquo;un profil de r\u00e9ussite d\u00e9fini en commun pour le poste \u00e0 pourvoir, nous \u00e9laborons pour vous [&hellip;]<\/p>\n","protected":false},"author":1,"featured_media":2515,"parent":2446,"menu_order":3,"comment_status":"closed","ping_status":"closed","template":"","meta":{"_acf_changed":false,"footnotes":""},"class_list":["post-2526","page","type-page","status-publish","has-post-thumbnail","hentry"],"acf":[],"yoast_head":"<!-- This site is optimized with the Yoast SEO plugin v27.4 - https:\/\/yoast.com\/product\/yoast-seo-wordpress\/ -->\n<title>Recherche\u00a0 - Executive Search &amp; Selection - Level Consulting<\/title>\n<meta name=\"robots\" content=\"index, follow, max-snippet:-1, max-image-preview:large, max-video-preview:-1\" \/>\n<link rel=\"canonical\" href=\"https:\/\/www.levelconsulting.ch\/fr\/executive-search-selection\/research\/\" \/>\n<meta property=\"og:locale\" content=\"fr_FR\" \/>\n<meta property=\"og:type\" content=\"article\" \/>\n<meta property=\"og:title\" content=\"Recherche\u00a0 - Executive Search &amp; Selection - Level Consulting\" \/>\n<meta property=\"og:description\" content=\"La connaissance et l&rsquo;utilisation efficace des diff\u00e9rents canaux de recherche constituent la base de l&rsquo;identification et de l&rsquo;approche des personnes les plus appropri\u00e9es. La combinaison optimale des diff\u00e9rents instruments de recherche varie de cas en cas. Sur la base d&rsquo;un profil de r\u00e9ussite d\u00e9fini en commun pour le poste \u00e0 pourvoir, nous \u00e9laborons pour vous [&hellip;]\" \/>\n<meta property=\"og:url\" content=\"https:\/\/www.levelconsulting.ch\/fr\/executive-search-selection\/research\/\" \/>\n<meta property=\"og:site_name\" content=\"Level Consulting\" \/>\n<meta property=\"article:modified_time\" content=\"2024-12-20T04:12:55+00:00\" \/>\n<meta property=\"og:image\" content=\"https:\/\/www.levelconsulting.ch\/wp-content\/uploads\/2024\/11\/LC.3g.jpg\" \/>\n\t<meta property=\"og:image:width\" content=\"2360\" \/>\n\t<meta property=\"og:image:height\" content=\"651\" \/>\n\t<meta property=\"og:image:type\" content=\"image\/jpeg\" \/>\n<meta name=\"twitter:card\" content=\"summary_large_image\" \/>\n<meta name=\"twitter:label1\" content=\"Dur\u00e9e de lecture estim\u00e9e\" \/>\n\t<meta name=\"twitter:data1\" content=\"2 minutes\" \/>\n<script type=\"application\/ld+json\" class=\"yoast-schema-graph\">{\"@context\":\"https:\\\/\\\/schema.org\",\"@graph\":[{\"@type\":\"WebPage\",\"@id\":\"https:\\\/\\\/www.levelconsulting.ch\\\/fr\\\/executive-search-selection\\\/research\\\/\",\"url\":\"https:\\\/\\\/www.levelconsulting.ch\\\/fr\\\/executive-search-selection\\\/research\\\/\",\"name\":\"Recherche\u00a0 - Executive Search &amp; Selection - Level Consulting\",\"isPartOf\":{\"@id\":\"https:\\\/\\\/www.levelconsulting.ch\\\/fr\\\/#website\"},\"primaryImageOfPage\":{\"@id\":\"https:\\\/\\\/www.levelconsulting.ch\\\/fr\\\/executive-search-selection\\\/research\\\/#primaryimage\"},\"image\":{\"@id\":\"https:\\\/\\\/www.levelconsulting.ch\\\/fr\\\/executive-search-selection\\\/research\\\/#primaryimage\"},\"thumbnailUrl\":\"https:\\\/\\\/www.levelconsulting.ch\\\/wp-content\\\/uploads\\\/2024\\\/11\\\/LC.3g.jpg\",\"datePublished\":\"2024-11-07T11:12:02+00:00\",\"dateModified\":\"2024-12-20T04:12:55+00:00\",\"breadcrumb\":{\"@id\":\"https:\\\/\\\/www.levelconsulting.ch\\\/fr\\\/executive-search-selection\\\/research\\\/#breadcrumb\"},\"inLanguage\":\"fr-FR\",\"potentialAction\":[{\"@type\":\"ReadAction\",\"target\":[\"https:\\\/\\\/www.levelconsulting.ch\\\/fr\\\/executive-search-selection\\\/research\\\/\"]}]},{\"@type\":\"ImageObject\",\"inLanguage\":\"fr-FR\",\"@id\":\"https:\\\/\\\/www.levelconsulting.ch\\\/fr\\\/executive-search-selection\\\/research\\\/#primaryimage\",\"url\":\"https:\\\/\\\/www.levelconsulting.ch\\\/wp-content\\\/uploads\\\/2024\\\/11\\\/LC.3g.jpg\",\"contentUrl\":\"https:\\\/\\\/www.levelconsulting.ch\\\/wp-content\\\/uploads\\\/2024\\\/11\\\/LC.3g.jpg\",\"width\":2360,\"height\":651,\"caption\":\"Job recruitment\"},{\"@type\":\"BreadcrumbList\",\"@id\":\"https:\\\/\\\/www.levelconsulting.ch\\\/fr\\\/executive-search-selection\\\/research\\\/#breadcrumb\",\"itemListElement\":[{\"@type\":\"ListItem\",\"position\":1,\"name\":\"Home\",\"item\":\"https:\\\/\\\/www.levelconsulting.ch\\\/fr\\\/\"},{\"@type\":\"ListItem\",\"position\":2,\"name\":\"Executive Search &amp; Selection\"}]},{\"@type\":\"WebSite\",\"@id\":\"https:\\\/\\\/www.levelconsulting.ch\\\/fr\\\/#website\",\"url\":\"https:\\\/\\\/www.levelconsulting.ch\\\/fr\\\/\",\"name\":\"Level Consulting\",\"description\":\"We bring the best together.\",\"publisher\":{\"@id\":\"https:\\\/\\\/www.levelconsulting.ch\\\/fr\\\/#organization\"},\"potentialAction\":[{\"@type\":\"SearchAction\",\"target\":{\"@type\":\"EntryPoint\",\"urlTemplate\":\"https:\\\/\\\/www.levelconsulting.ch\\\/fr\\\/?s={search_term_string}\"},\"query-input\":{\"@type\":\"PropertyValueSpecification\",\"valueRequired\":true,\"valueName\":\"search_term_string\"}}],\"inLanguage\":\"fr-FR\"},{\"@type\":\"Organization\",\"@id\":\"https:\\\/\\\/www.levelconsulting.ch\\\/fr\\\/#organization\",\"name\":\"Level Consulting\",\"url\":\"https:\\\/\\\/www.levelconsulting.ch\\\/fr\\\/\",\"logo\":{\"@type\":\"ImageObject\",\"inLanguage\":\"fr-FR\",\"@id\":\"https:\\\/\\\/www.levelconsulting.ch\\\/fr\\\/#\\\/schema\\\/logo\\\/image\\\/\",\"url\":\"https:\\\/\\\/www.levelconsulting.ch\\\/wp-content\\\/uploads\\\/2019\\\/10\\\/logo-level-consulting.png\",\"contentUrl\":\"https:\\\/\\\/www.levelconsulting.ch\\\/wp-content\\\/uploads\\\/2019\\\/10\\\/logo-level-consulting.png\",\"width\":300,\"height\":132,\"caption\":\"Level Consulting\"},\"image\":{\"@id\":\"https:\\\/\\\/www.levelconsulting.ch\\\/fr\\\/#\\\/schema\\\/logo\\\/image\\\/\"}}]}<\/script>\n<!-- \/ Yoast SEO plugin. -->","yoast_head_json":{"title":"Recherche\u00a0 - Executive Search &amp; Selection - Level Consulting","robots":{"index":"index","follow":"follow","max-snippet":"max-snippet:-1","max-image-preview":"max-image-preview:large","max-video-preview":"max-video-preview:-1"},"canonical":"https:\/\/www.levelconsulting.ch\/fr\/executive-search-selection\/research\/","og_locale":"fr_FR","og_type":"article","og_title":"Recherche\u00a0 - Executive Search &amp; Selection - Level Consulting","og_description":"La connaissance et l&rsquo;utilisation efficace des diff\u00e9rents canaux de recherche constituent la base de l&rsquo;identification et de l&rsquo;approche des personnes les plus appropri\u00e9es. La combinaison optimale des diff\u00e9rents instruments de recherche varie de cas en cas. Sur la base d&rsquo;un profil de r\u00e9ussite d\u00e9fini en commun pour le poste \u00e0 pourvoir, nous \u00e9laborons pour vous [&hellip;]","og_url":"https:\/\/www.levelconsulting.ch\/fr\/executive-search-selection\/research\/","og_site_name":"Level Consulting","article_modified_time":"2024-12-20T04:12:55+00:00","og_image":[{"width":2360,"height":651,"url":"https:\/\/www.levelconsulting.ch\/wp-content\/uploads\/2024\/11\/LC.3g.jpg","type":"image\/jpeg"}],"twitter_card":"summary_large_image","twitter_misc":{"Dur\u00e9e de lecture estim\u00e9e":"2 minutes"},"schema":{"@context":"https:\/\/schema.org","@graph":[{"@type":"WebPage","@id":"https:\/\/www.levelconsulting.ch\/fr\/executive-search-selection\/research\/","url":"https:\/\/www.levelconsulting.ch\/fr\/executive-search-selection\/research\/","name":"Recherche\u00a0 - Executive Search &amp; Selection - Level Consulting","isPartOf":{"@id":"https:\/\/www.levelconsulting.ch\/fr\/#website"},"primaryImageOfPage":{"@id":"https:\/\/www.levelconsulting.ch\/fr\/executive-search-selection\/research\/#primaryimage"},"image":{"@id":"https:\/\/www.levelconsulting.ch\/fr\/executive-search-selection\/research\/#primaryimage"},"thumbnailUrl":"https:\/\/www.levelconsulting.ch\/wp-content\/uploads\/2024\/11\/LC.3g.jpg","datePublished":"2024-11-07T11:12:02+00:00","dateModified":"2024-12-20T04:12:55+00:00","breadcrumb":{"@id":"https:\/\/www.levelconsulting.ch\/fr\/executive-search-selection\/research\/#breadcrumb"},"inLanguage":"fr-FR","potentialAction":[{"@type":"ReadAction","target":["https:\/\/www.levelconsulting.ch\/fr\/executive-search-selection\/research\/"]}]},{"@type":"ImageObject","inLanguage":"fr-FR","@id":"https:\/\/www.levelconsulting.ch\/fr\/executive-search-selection\/research\/#primaryimage","url":"https:\/\/www.levelconsulting.ch\/wp-content\/uploads\/2024\/11\/LC.3g.jpg","contentUrl":"https:\/\/www.levelconsulting.ch\/wp-content\/uploads\/2024\/11\/LC.3g.jpg","width":2360,"height":651,"caption":"Job recruitment"},{"@type":"BreadcrumbList","@id":"https:\/\/www.levelconsulting.ch\/fr\/executive-search-selection\/research\/#breadcrumb","itemListElement":[{"@type":"ListItem","position":1,"name":"Home","item":"https:\/\/www.levelconsulting.ch\/fr\/"},{"@type":"ListItem","position":2,"name":"Executive Search &amp; Selection"}]},{"@type":"WebSite","@id":"https:\/\/www.levelconsulting.ch\/fr\/#website","url":"https:\/\/www.levelconsulting.ch\/fr\/","name":"Level Consulting","description":"We bring the best together.","publisher":{"@id":"https:\/\/www.levelconsulting.ch\/fr\/#organization"},"potentialAction":[{"@type":"SearchAction","target":{"@type":"EntryPoint","urlTemplate":"https:\/\/www.levelconsulting.ch\/fr\/?s={search_term_string}"},"query-input":{"@type":"PropertyValueSpecification","valueRequired":true,"valueName":"search_term_string"}}],"inLanguage":"fr-FR"},{"@type":"Organization","@id":"https:\/\/www.levelconsulting.ch\/fr\/#organization","name":"Level Consulting","url":"https:\/\/www.levelconsulting.ch\/fr\/","logo":{"@type":"ImageObject","inLanguage":"fr-FR","@id":"https:\/\/www.levelconsulting.ch\/fr\/#\/schema\/logo\/image\/","url":"https:\/\/www.levelconsulting.ch\/wp-content\/uploads\/2019\/10\/logo-level-consulting.png","contentUrl":"https:\/\/www.levelconsulting.ch\/wp-content\/uploads\/2019\/10\/logo-level-consulting.png","width":300,"height":132,"caption":"Level Consulting"},"image":{"@id":"https:\/\/www.levelconsulting.ch\/fr\/#\/schema\/logo\/image\/"}}]}},"_links":{"self":[{"href":"https:\/\/www.levelconsulting.ch\/fr\/wp-json\/wp\/v2\/pages\/2526","targetHints":{"allow":["GET"]}}],"collection":[{"href":"https:\/\/www.levelconsulting.ch\/fr\/wp-json\/wp\/v2\/pages"}],"about":[{"href":"https:\/\/www.levelconsulting.ch\/fr\/wp-json\/wp\/v2\/types\/page"}],"author":[{"embeddable":true,"href":"https:\/\/www.levelconsulting.ch\/fr\/wp-json\/wp\/v2\/users\/1"}],"replies":[{"embeddable":true,"href":"https:\/\/www.levelconsulting.ch\/fr\/wp-json\/wp\/v2\/comments?post=2526"}],"version-history":[{"count":2,"href":"https:\/\/www.levelconsulting.ch\/fr\/wp-json\/wp\/v2\/pages\/2526\/revisions"}],"predecessor-version":[{"id":2655,"href":"https:\/\/www.levelconsulting.ch\/fr\/wp-json\/wp\/v2\/pages\/2526\/revisions\/2655"}],"up":[{"embeddable":true,"href":"https:\/\/www.levelconsulting.ch\/fr\/wp-json\/wp\/v2\/pages\/2446"}],"wp:featuredmedia":[{"embeddable":true,"href":"https:\/\/www.levelconsulting.ch\/fr\/wp-json\/wp\/v2\/media\/2515"}],"wp:attachment":[{"href":"https:\/\/www.levelconsulting.ch\/fr\/wp-json\/wp\/v2\/media?parent=2526"}],"curies":[{"name":"wp","href":"https:\/\/api.w.org\/{rel}","templated":true}]}}