{"id":2513,"date":"2024-11-07T11:07:17","date_gmt":"2024-11-07T11:07:17","guid":{"rendered":"https:\/\/levelconsulting.pegotec.dev\/?page_id=2513"},"modified":"2024-12-23T04:13:45","modified_gmt":"2024-12-23T04:13:45","slug":"industries","status":"publish","type":"page","link":"https:\/\/www.levelconsulting.ch\/fr\/executive-search-selection\/industries\/","title":{"rendered":"Secteurs\u00a0"},"content":{"rendered":"\n<p>En plus de 20 ans, nous avons acquis une vaste expertise dans diff\u00e9rents secteurs et d\u00e9velopp\u00e9 de larges r\u00e9seaux :&nbsp;<\/p>\n\n\n\n<div class=\"chart-wrapper chart-wrapper__hr\">\n          <div class=\"level-bg d-flex justify-content-between\">\n            <div class=\"level-title level-title__lc text-center\">Top Management<\/div>\n            <div class=\"level-title level-title__lc text-center mx-1 mx-sm-2 mx-md-1 mx-lg-3\">Management interm\u00e9diaire<\/div>\n            <div class=\"level-title level-title__lc text-center\">Experts<\/div>\n          <\/div>\n          <div class=\"chart-list\">\n            <ul class=\"list-unstyled\">\n             <li>Sant\u00e9 &amp; Sciences de la vie <\/li>\n              <li>Services financiers &#038; Assurances <\/li>\n              <li>Secteur public &#038; organisations \u00e0 but non lucratif <\/li>\n              <li>IT &#038; T\u00e9l\u00e9communications <\/li>\n              <li>\u00c9nergie &#038; Industrie <\/li>\n              <li>Construction &#038; Immobilier <\/li>\n              <li>Biens de consommation &#038; Retail <\/li>\n              <li>Commerce &#038; Services <\/li>\n              <li>Transport &#038; Logistique <\/li>\n            <\/ul>\n          <\/div>\n        <\/div>\n","protected":false},"excerpt":{"rendered":"<p>En plus de 20 ans, nous avons acquis une vaste expertise dans diff\u00e9rents secteurs et d\u00e9velopp\u00e9 de larges r\u00e9seaux :&nbsp; Top Management Management interm\u00e9diaire Experts Sant\u00e9 &amp; Sciences de la vie Services financiers &#038; Assurances Secteur public &#038; organisations \u00e0 but non lucratif IT &#038; T\u00e9l\u00e9communications \u00c9nergie &#038; Industrie Construction &#038; Immobilier Biens de consommation [&hellip;]<\/p>\n","protected":false},"author":1,"featured_media":2514,"parent":2446,"menu_order":1,"comment_status":"closed","ping_status":"closed","template":"","meta":{"_acf_changed":false,"footnotes":""},"class_list":["post-2513","page","type-page","status-publish","has-post-thumbnail","hentry"],"acf":[],"yoast_head":"<!-- This site is optimized with the Yoast SEO plugin v27.5 - https:\/\/yoast.com\/product\/yoast-seo-wordpress\/ -->\n<title>Secteurs\u00a0 - Executive Search &amp; Selection - Level Consulting<\/title>\n<meta name=\"robots\" content=\"index, follow, max-snippet:-1, max-image-preview:large, max-video-preview:-1\" \/>\n<link rel=\"canonical\" href=\"https:\/\/www.levelconsulting.ch\/fr\/executive-search-selection\/industries\/\" \/>\n<meta property=\"og:locale\" content=\"fr_FR\" \/>\n<meta property=\"og:type\" content=\"article\" \/>\n<meta property=\"og:title\" content=\"Secteurs\u00a0 - Executive Search &amp; Selection - Level Consulting\" \/>\n<meta property=\"og:description\" content=\"En plus de 20 ans, nous avons acquis une vaste expertise dans diff\u00e9rents secteurs et d\u00e9velopp\u00e9 de larges r\u00e9seaux :&nbsp; Top Management Management interm\u00e9diaire Experts Sant\u00e9 &amp; Sciences de la vie Services financiers &#038; Assurances Secteur public &#038; organisations \u00e0 but non lucratif IT &#038; T\u00e9l\u00e9communications \u00c9nergie &#038; Industrie Construction &#038; Immobilier Biens de consommation [&hellip;]\" \/>\n<meta property=\"og:url\" content=\"https:\/\/www.levelconsulting.ch\/fr\/executive-search-selection\/industries\/\" \/>\n<meta property=\"og:site_name\" content=\"Level Consulting\" \/>\n<meta property=\"article:modified_time\" content=\"2024-12-23T04:13:45+00:00\" \/>\n<meta property=\"og:image\" content=\"https:\/\/www.levelconsulting.ch\/wp-content\/uploads\/2024\/11\/LC.3g.jpg\" \/>\n\t<meta property=\"og:image:width\" content=\"2360\" \/>\n\t<meta property=\"og:image:height\" content=\"651\" \/>\n\t<meta property=\"og:image:type\" content=\"image\/jpeg\" \/>\n<meta name=\"twitter:card\" content=\"summary_large_image\" \/>\n<meta name=\"twitter:label1\" content=\"Dur\u00e9e de lecture estim\u00e9e\" \/>\n\t<meta name=\"twitter:data1\" content=\"1 minute\" \/>\n<script type=\"application\/ld+json\" class=\"yoast-schema-graph\">{\"@context\":\"https:\\\/\\\/schema.org\",\"@graph\":[{\"@type\":\"WebPage\",\"@id\":\"https:\\\/\\\/www.levelconsulting.ch\\\/fr\\\/executive-search-selection\\\/industries\\\/\",\"url\":\"https:\\\/\\\/www.levelconsulting.ch\\\/fr\\\/executive-search-selection\\\/industries\\\/\",\"name\":\"Secteurs\u00a0 - Executive Search &amp; Selection - Level Consulting\",\"isPartOf\":{\"@id\":\"https:\\\/\\\/www.levelconsulting.ch\\\/fr\\\/#website\"},\"primaryImageOfPage\":{\"@id\":\"https:\\\/\\\/www.levelconsulting.ch\\\/fr\\\/executive-search-selection\\\/industries\\\/#primaryimage\"},\"image\":{\"@id\":\"https:\\\/\\\/www.levelconsulting.ch\\\/fr\\\/executive-search-selection\\\/industries\\\/#primaryimage\"},\"thumbnailUrl\":\"https:\\\/\\\/www.levelconsulting.ch\\\/wp-content\\\/uploads\\\/2024\\\/11\\\/LC.3g.jpg\",\"datePublished\":\"2024-11-07T11:07:17+00:00\",\"dateModified\":\"2024-12-23T04:13:45+00:00\",\"breadcrumb\":{\"@id\":\"https:\\\/\\\/www.levelconsulting.ch\\\/fr\\\/executive-search-selection\\\/industries\\\/#breadcrumb\"},\"inLanguage\":\"fr-FR\",\"potentialAction\":[{\"@type\":\"ReadAction\",\"target\":[\"https:\\\/\\\/www.levelconsulting.ch\\\/fr\\\/executive-search-selection\\\/industries\\\/\"]}]},{\"@type\":\"ImageObject\",\"inLanguage\":\"fr-FR\",\"@id\":\"https:\\\/\\\/www.levelconsulting.ch\\\/fr\\\/executive-search-selection\\\/industries\\\/#primaryimage\",\"url\":\"https:\\\/\\\/www.levelconsulting.ch\\\/wp-content\\\/uploads\\\/2024\\\/11\\\/LC.3g.jpg\",\"contentUrl\":\"https:\\\/\\\/www.levelconsulting.ch\\\/wp-content\\\/uploads\\\/2024\\\/11\\\/LC.3g.jpg\",\"width\":2360,\"height\":651,\"caption\":\"Job recruitment\"},{\"@type\":\"BreadcrumbList\",\"@id\":\"https:\\\/\\\/www.levelconsulting.ch\\\/fr\\\/executive-search-selection\\\/industries\\\/#breadcrumb\",\"itemListElement\":[{\"@type\":\"ListItem\",\"position\":1,\"name\":\"Home\",\"item\":\"https:\\\/\\\/www.levelconsulting.ch\\\/fr\\\/\"},{\"@type\":\"ListItem\",\"position\":2,\"name\":\"Executive Search &amp; Selection\"}]},{\"@type\":\"WebSite\",\"@id\":\"https:\\\/\\\/www.levelconsulting.ch\\\/fr\\\/#website\",\"url\":\"https:\\\/\\\/www.levelconsulting.ch\\\/fr\\\/\",\"name\":\"Level Consulting\",\"description\":\"We bring the best together.\",\"publisher\":{\"@id\":\"https:\\\/\\\/www.levelconsulting.ch\\\/fr\\\/#organization\"},\"potentialAction\":[{\"@type\":\"SearchAction\",\"target\":{\"@type\":\"EntryPoint\",\"urlTemplate\":\"https:\\\/\\\/www.levelconsulting.ch\\\/fr\\\/?s={search_term_string}\"},\"query-input\":{\"@type\":\"PropertyValueSpecification\",\"valueRequired\":true,\"valueName\":\"search_term_string\"}}],\"inLanguage\":\"fr-FR\"},{\"@type\":\"Organization\",\"@id\":\"https:\\\/\\\/www.levelconsulting.ch\\\/fr\\\/#organization\",\"name\":\"Level Consulting\",\"url\":\"https:\\\/\\\/www.levelconsulting.ch\\\/fr\\\/\",\"logo\":{\"@type\":\"ImageObject\",\"inLanguage\":\"fr-FR\",\"@id\":\"https:\\\/\\\/www.levelconsulting.ch\\\/fr\\\/#\\\/schema\\\/logo\\\/image\\\/\",\"url\":\"https:\\\/\\\/www.levelconsulting.ch\\\/wp-content\\\/uploads\\\/2019\\\/10\\\/logo-level-consulting.png\",\"contentUrl\":\"https:\\\/\\\/www.levelconsulting.ch\\\/wp-content\\\/uploads\\\/2019\\\/10\\\/logo-level-consulting.png\",\"width\":300,\"height\":132,\"caption\":\"Level Consulting\"},\"image\":{\"@id\":\"https:\\\/\\\/www.levelconsulting.ch\\\/fr\\\/#\\\/schema\\\/logo\\\/image\\\/\"}}]}<\/script>\n<!-- \/ Yoast SEO plugin. -->","yoast_head_json":{"title":"Secteurs\u00a0 - Executive Search &amp; Selection - Level Consulting","robots":{"index":"index","follow":"follow","max-snippet":"max-snippet:-1","max-image-preview":"max-image-preview:large","max-video-preview":"max-video-preview:-1"},"canonical":"https:\/\/www.levelconsulting.ch\/fr\/executive-search-selection\/industries\/","og_locale":"fr_FR","og_type":"article","og_title":"Secteurs\u00a0 - Executive Search &amp; Selection - Level Consulting","og_description":"En plus de 20 ans, nous avons acquis une vaste expertise dans diff\u00e9rents secteurs et d\u00e9velopp\u00e9 de larges r\u00e9seaux :&nbsp; Top Management Management interm\u00e9diaire Experts Sant\u00e9 &amp; Sciences de la vie Services financiers &#038; Assurances Secteur public &#038; organisations \u00e0 but non lucratif IT &#038; T\u00e9l\u00e9communications \u00c9nergie &#038; Industrie Construction &#038; Immobilier Biens de consommation [&hellip;]","og_url":"https:\/\/www.levelconsulting.ch\/fr\/executive-search-selection\/industries\/","og_site_name":"Level Consulting","article_modified_time":"2024-12-23T04:13:45+00:00","og_image":[{"width":2360,"height":651,"url":"https:\/\/www.levelconsulting.ch\/wp-content\/uploads\/2024\/11\/LC.3g.jpg","type":"image\/jpeg"}],"twitter_card":"summary_large_image","twitter_misc":{"Dur\u00e9e de lecture estim\u00e9e":"1 minute"},"schema":{"@context":"https:\/\/schema.org","@graph":[{"@type":"WebPage","@id":"https:\/\/www.levelconsulting.ch\/fr\/executive-search-selection\/industries\/","url":"https:\/\/www.levelconsulting.ch\/fr\/executive-search-selection\/industries\/","name":"Secteurs\u00a0 - Executive Search &amp; Selection - Level Consulting","isPartOf":{"@id":"https:\/\/www.levelconsulting.ch\/fr\/#website"},"primaryImageOfPage":{"@id":"https:\/\/www.levelconsulting.ch\/fr\/executive-search-selection\/industries\/#primaryimage"},"image":{"@id":"https:\/\/www.levelconsulting.ch\/fr\/executive-search-selection\/industries\/#primaryimage"},"thumbnailUrl":"https:\/\/www.levelconsulting.ch\/wp-content\/uploads\/2024\/11\/LC.3g.jpg","datePublished":"2024-11-07T11:07:17+00:00","dateModified":"2024-12-23T04:13:45+00:00","breadcrumb":{"@id":"https:\/\/www.levelconsulting.ch\/fr\/executive-search-selection\/industries\/#breadcrumb"},"inLanguage":"fr-FR","potentialAction":[{"@type":"ReadAction","target":["https:\/\/www.levelconsulting.ch\/fr\/executive-search-selection\/industries\/"]}]},{"@type":"ImageObject","inLanguage":"fr-FR","@id":"https:\/\/www.levelconsulting.ch\/fr\/executive-search-selection\/industries\/#primaryimage","url":"https:\/\/www.levelconsulting.ch\/wp-content\/uploads\/2024\/11\/LC.3g.jpg","contentUrl":"https:\/\/www.levelconsulting.ch\/wp-content\/uploads\/2024\/11\/LC.3g.jpg","width":2360,"height":651,"caption":"Job recruitment"},{"@type":"BreadcrumbList","@id":"https:\/\/www.levelconsulting.ch\/fr\/executive-search-selection\/industries\/#breadcrumb","itemListElement":[{"@type":"ListItem","position":1,"name":"Home","item":"https:\/\/www.levelconsulting.ch\/fr\/"},{"@type":"ListItem","position":2,"name":"Executive Search &amp; Selection"}]},{"@type":"WebSite","@id":"https:\/\/www.levelconsulting.ch\/fr\/#website","url":"https:\/\/www.levelconsulting.ch\/fr\/","name":"Level Consulting","description":"We bring the best together.","publisher":{"@id":"https:\/\/www.levelconsulting.ch\/fr\/#organization"},"potentialAction":[{"@type":"SearchAction","target":{"@type":"EntryPoint","urlTemplate":"https:\/\/www.levelconsulting.ch\/fr\/?s={search_term_string}"},"query-input":{"@type":"PropertyValueSpecification","valueRequired":true,"valueName":"search_term_string"}}],"inLanguage":"fr-FR"},{"@type":"Organization","@id":"https:\/\/www.levelconsulting.ch\/fr\/#organization","name":"Level Consulting","url":"https:\/\/www.levelconsulting.ch\/fr\/","logo":{"@type":"ImageObject","inLanguage":"fr-FR","@id":"https:\/\/www.levelconsulting.ch\/fr\/#\/schema\/logo\/image\/","url":"https:\/\/www.levelconsulting.ch\/wp-content\/uploads\/2019\/10\/logo-level-consulting.png","contentUrl":"https:\/\/www.levelconsulting.ch\/wp-content\/uploads\/2019\/10\/logo-level-consulting.png","width":300,"height":132,"caption":"Level Consulting"},"image":{"@id":"https:\/\/www.levelconsulting.ch\/fr\/#\/schema\/logo\/image\/"}}]}},"_links":{"self":[{"href":"https:\/\/www.levelconsulting.ch\/fr\/wp-json\/wp\/v2\/pages\/2513","targetHints":{"allow":["GET"]}}],"collection":[{"href":"https:\/\/www.levelconsulting.ch\/fr\/wp-json\/wp\/v2\/pages"}],"about":[{"href":"https:\/\/www.levelconsulting.ch\/fr\/wp-json\/wp\/v2\/types\/page"}],"author":[{"embeddable":true,"href":"https:\/\/www.levelconsulting.ch\/fr\/wp-json\/wp\/v2\/users\/1"}],"replies":[{"embeddable":true,"href":"https:\/\/www.levelconsulting.ch\/fr\/wp-json\/wp\/v2\/comments?post=2513"}],"version-history":[{"count":4,"href":"https:\/\/www.levelconsulting.ch\/fr\/wp-json\/wp\/v2\/pages\/2513\/revisions"}],"predecessor-version":[{"id":2791,"href":"https:\/\/www.levelconsulting.ch\/fr\/wp-json\/wp\/v2\/pages\/2513\/revisions\/2791"}],"up":[{"embeddable":true,"href":"https:\/\/www.levelconsulting.ch\/fr\/wp-json\/wp\/v2\/pages\/2446"}],"wp:featuredmedia":[{"embeddable":true,"href":"https:\/\/www.levelconsulting.ch\/fr\/wp-json\/wp\/v2\/media\/2514"}],"wp:attachment":[{"href":"https:\/\/www.levelconsulting.ch\/fr\/wp-json\/wp\/v2\/media?parent=2513"}],"curies":[{"name":"wp","href":"https:\/\/api.w.org\/{rel}","templated":true}]}}