{"id":2498,"date":"2024-11-07T05:44:38","date_gmt":"2024-11-07T05:44:38","guid":{"rendered":"https:\/\/levelconsulting.pegotec.dev\/?page_id=2498"},"modified":"2025-10-08T06:46:27","modified_gmt":"2025-10-08T06:46:27","slug":"a-propos-de-nous","status":"publish","type":"page","link":"https:\/\/www.levelconsulting.ch\/fr\/a-propos-de-nous\/","title":{"rendered":"\u00c0 propos de nous\u00a0\u00a0"},"content":{"rendered":"\n<h2 class=\"wp-block-heading\">R\u00e9ussir gr\u00e2ce aux personnes&nbsp;<\/h2>\n\n\n\n<p>L&rsquo;Executive Search est une question de confiance. En plus de 20 ans, nous avons optimis\u00e9 en permanence nos comp\u00e9tences m\u00e9thodologiques et notre expertise en mati\u00e8re d&rsquo;\u00e9valuation. Notre \u00e9quipe de conseill\u00e8res et conseillers exp\u00e9riment\u00e9s poss\u00e8de des connaissances approfondies de la branche et vous soutient avec des prestations, solutions, produits sur mesure, conform\u00e9ment \u00e0 notre credo:\u00a0\u00a0<\/p>\n\n\n\n<ul class=\"wp-block-list\">\n<li>Nous sommes passionn\u00e9s par la r\u00e9alisation de performances maximales &#8211; chaque jour&nbsp;<\/li>\n\n\n\n<li>Nous nous respectons mutuellement et consid\u00e9rons la diversit\u00e9 comme une chance<\/li>\n\n\n\n<li>Nous travaillons de mani\u00e8re \u00e0 ce que nos enfants puissent eux aussi \u00eatre fiers de nous\u00a0\u00a0<\/li>\n<\/ul>\n\n\n\n<h2 class=\"wp-block-heading\">Actualit\u00e9s de notre part<\/h2>\n\n\n\n<p>\u00abMeilleures agences de recrutement 2025\u00bb &#8211; \u201cHandelszeitung\u201d et \u201cPME\u201d, en collaboration avec l\u2019institut de statistiques Statista, ont d\u00e9sign\u00e9 les meilleures agences de recrutement du pays. Level Consulting a \u00e9t\u00e9 distingu\u00e9 dans la cat\u00e9gorie \u00abExecutive Search\u00bb.&nbsp;&nbsp;<\/p>\n\n\n\n<p>Nous sommes tr\u00e8s heureux de cette distinction et fiers de nos performances. &nbsp;<br><strong>Un grand merci \u00e0 nos collaborateurs qui ont rendu cela possible!&nbsp;<\/strong><\/p>\n\n\n\n<figure class=\"wp-block-image size-full\"><img loading=\"lazy\" decoding=\"async\" width=\"224\" height=\"257\" src=\"https:\/\/www.levelconsulting.ch\/wp-content\/uploads\/2025\/10\/Executive-Search_Beste-Personal-Dienstleister_2024.png\" alt=\"\" class=\"wp-image-3068\" \/><\/figure>\n","protected":false},"excerpt":{"rendered":"<p>R\u00e9ussir gr\u00e2ce aux personnes&nbsp; L&rsquo;Executive Search est une question de confiance. En plus de 20 ans, nous avons optimis\u00e9 en permanence nos comp\u00e9tences m\u00e9thodologiques et notre expertise en mati\u00e8re d&rsquo;\u00e9valuation. Notre \u00e9quipe de conseill\u00e8res et conseillers exp\u00e9riment\u00e9s poss\u00e8de des connaissances approfondies de la branche et vous soutient avec des prestations, solutions, produits sur mesure, conform\u00e9ment [&hellip;]<\/p>\n","protected":false},"author":1,"featured_media":2503,"parent":0,"menu_order":12,"comment_status":"closed","ping_status":"closed","template":"","meta":{"_acf_changed":false,"footnotes":""},"class_list":["post-2498","page","type-page","status-publish","has-post-thumbnail","hentry"],"acf":[],"yoast_head":"<!-- This site is optimized with the Yoast SEO plugin v27.5 - https:\/\/yoast.com\/product\/yoast-seo-wordpress\/ -->\n<title>\u00c0 propos de nous\u00a0\u00a0 - Level Consulting<\/title>\n<meta name=\"robots\" content=\"index, follow, max-snippet:-1, max-image-preview:large, max-video-preview:-1\" \/>\n<link rel=\"canonical\" href=\"https:\/\/www.levelconsulting.ch\/fr\/a-propos-de-nous\/\" \/>\n<meta property=\"og:locale\" content=\"fr_FR\" \/>\n<meta property=\"og:type\" content=\"article\" \/>\n<meta property=\"og:title\" content=\"\u00c0 propos de nous\u00a0\u00a0 - Level Consulting\" \/>\n<meta property=\"og:description\" content=\"R\u00e9ussir gr\u00e2ce aux personnes&nbsp; L&rsquo;Executive Search est une question de confiance. En plus de 20 ans, nous avons optimis\u00e9 en permanence nos comp\u00e9tences m\u00e9thodologiques et notre expertise en mati\u00e8re d&rsquo;\u00e9valuation. Notre \u00e9quipe de conseill\u00e8res et conseillers exp\u00e9riment\u00e9s poss\u00e8de des connaissances approfondies de la branche et vous soutient avec des prestations, solutions, produits sur mesure, conform\u00e9ment [&hellip;]\" \/>\n<meta property=\"og:url\" content=\"https:\/\/www.levelconsulting.ch\/fr\/a-propos-de-nous\/\" \/>\n<meta property=\"og:site_name\" content=\"Level Consulting\" \/>\n<meta property=\"article:modified_time\" content=\"2025-10-08T06:46:27+00:00\" \/>\n<meta property=\"og:image\" content=\"https:\/\/www.levelconsulting.ch\/wp-content\/uploads\/2019\/10\/uberuns.jpg\" \/>\n\t<meta property=\"og:image:width\" content=\"1199\" \/>\n\t<meta property=\"og:image:height\" content=\"300\" \/>\n\t<meta property=\"og:image:type\" content=\"image\/jpeg\" \/>\n<meta name=\"twitter:card\" content=\"summary_large_image\" \/>\n<meta name=\"twitter:label1\" content=\"Dur\u00e9e de lecture estim\u00e9e\" \/>\n\t<meta name=\"twitter:data1\" content=\"2 minutes\" \/>\n<script type=\"application\/ld+json\" class=\"yoast-schema-graph\">{\"@context\":\"https:\\\/\\\/schema.org\",\"@graph\":[{\"@type\":\"WebPage\",\"@id\":\"https:\\\/\\\/www.levelconsulting.ch\\\/fr\\\/a-propos-de-nous\\\/\",\"url\":\"https:\\\/\\\/www.levelconsulting.ch\\\/fr\\\/a-propos-de-nous\\\/\",\"name\":\"\u00c0 propos de nous\u00a0\u00a0 - Level Consulting\",\"isPartOf\":{\"@id\":\"https:\\\/\\\/www.levelconsulting.ch\\\/fr\\\/#website\"},\"primaryImageOfPage\":{\"@id\":\"https:\\\/\\\/www.levelconsulting.ch\\\/fr\\\/a-propos-de-nous\\\/#primaryimage\"},\"image\":{\"@id\":\"https:\\\/\\\/www.levelconsulting.ch\\\/fr\\\/a-propos-de-nous\\\/#primaryimage\"},\"thumbnailUrl\":\"https:\\\/\\\/www.levelconsulting.ch\\\/wp-content\\\/uploads\\\/2019\\\/10\\\/uberuns.jpg\",\"datePublished\":\"2024-11-07T05:44:38+00:00\",\"dateModified\":\"2025-10-08T06:46:27+00:00\",\"inLanguage\":\"fr-FR\",\"potentialAction\":[{\"@type\":\"ReadAction\",\"target\":[\"https:\\\/\\\/www.levelconsulting.ch\\\/fr\\\/a-propos-de-nous\\\/\"]}]},{\"@type\":\"ImageObject\",\"inLanguage\":\"fr-FR\",\"@id\":\"https:\\\/\\\/www.levelconsulting.ch\\\/fr\\\/a-propos-de-nous\\\/#primaryimage\",\"url\":\"https:\\\/\\\/www.levelconsulting.ch\\\/wp-content\\\/uploads\\\/2019\\\/10\\\/uberuns.jpg\",\"contentUrl\":\"https:\\\/\\\/www.levelconsulting.ch\\\/wp-content\\\/uploads\\\/2019\\\/10\\\/uberuns.jpg\",\"width\":1199,\"height\":300},{\"@type\":\"WebSite\",\"@id\":\"https:\\\/\\\/www.levelconsulting.ch\\\/fr\\\/#website\",\"url\":\"https:\\\/\\\/www.levelconsulting.ch\\\/fr\\\/\",\"name\":\"Level Consulting\",\"description\":\"We bring the best together.\",\"publisher\":{\"@id\":\"https:\\\/\\\/www.levelconsulting.ch\\\/fr\\\/#organization\"},\"potentialAction\":[{\"@type\":\"SearchAction\",\"target\":{\"@type\":\"EntryPoint\",\"urlTemplate\":\"https:\\\/\\\/www.levelconsulting.ch\\\/fr\\\/?s={search_term_string}\"},\"query-input\":{\"@type\":\"PropertyValueSpecification\",\"valueRequired\":true,\"valueName\":\"search_term_string\"}}],\"inLanguage\":\"fr-FR\"},{\"@type\":\"Organization\",\"@id\":\"https:\\\/\\\/www.levelconsulting.ch\\\/fr\\\/#organization\",\"name\":\"Level Consulting\",\"url\":\"https:\\\/\\\/www.levelconsulting.ch\\\/fr\\\/\",\"logo\":{\"@type\":\"ImageObject\",\"inLanguage\":\"fr-FR\",\"@id\":\"https:\\\/\\\/www.levelconsulting.ch\\\/fr\\\/#\\\/schema\\\/logo\\\/image\\\/\",\"url\":\"https:\\\/\\\/www.levelconsulting.ch\\\/wp-content\\\/uploads\\\/2019\\\/10\\\/logo-level-consulting.png\",\"contentUrl\":\"https:\\\/\\\/www.levelconsulting.ch\\\/wp-content\\\/uploads\\\/2019\\\/10\\\/logo-level-consulting.png\",\"width\":300,\"height\":132,\"caption\":\"Level Consulting\"},\"image\":{\"@id\":\"https:\\\/\\\/www.levelconsulting.ch\\\/fr\\\/#\\\/schema\\\/logo\\\/image\\\/\"}}]}<\/script>\n<!-- \/ Yoast SEO plugin. -->","yoast_head_json":{"title":"\u00c0 propos de nous\u00a0\u00a0 - Level Consulting","robots":{"index":"index","follow":"follow","max-snippet":"max-snippet:-1","max-image-preview":"max-image-preview:large","max-video-preview":"max-video-preview:-1"},"canonical":"https:\/\/www.levelconsulting.ch\/fr\/a-propos-de-nous\/","og_locale":"fr_FR","og_type":"article","og_title":"\u00c0 propos de nous\u00a0\u00a0 - Level Consulting","og_description":"R\u00e9ussir gr\u00e2ce aux personnes&nbsp; L&rsquo;Executive Search est une question de confiance. En plus de 20 ans, nous avons optimis\u00e9 en permanence nos comp\u00e9tences m\u00e9thodologiques et notre expertise en mati\u00e8re d&rsquo;\u00e9valuation. Notre \u00e9quipe de conseill\u00e8res et conseillers exp\u00e9riment\u00e9s poss\u00e8de des connaissances approfondies de la branche et vous soutient avec des prestations, solutions, produits sur mesure, conform\u00e9ment [&hellip;]","og_url":"https:\/\/www.levelconsulting.ch\/fr\/a-propos-de-nous\/","og_site_name":"Level Consulting","article_modified_time":"2025-10-08T06:46:27+00:00","og_image":[{"width":1199,"height":300,"url":"https:\/\/www.levelconsulting.ch\/wp-content\/uploads\/2019\/10\/uberuns.jpg","type":"image\/jpeg"}],"twitter_card":"summary_large_image","twitter_misc":{"Dur\u00e9e de lecture estim\u00e9e":"2 minutes"},"schema":{"@context":"https:\/\/schema.org","@graph":[{"@type":"WebPage","@id":"https:\/\/www.levelconsulting.ch\/fr\/a-propos-de-nous\/","url":"https:\/\/www.levelconsulting.ch\/fr\/a-propos-de-nous\/","name":"\u00c0 propos de nous\u00a0\u00a0 - Level Consulting","isPartOf":{"@id":"https:\/\/www.levelconsulting.ch\/fr\/#website"},"primaryImageOfPage":{"@id":"https:\/\/www.levelconsulting.ch\/fr\/a-propos-de-nous\/#primaryimage"},"image":{"@id":"https:\/\/www.levelconsulting.ch\/fr\/a-propos-de-nous\/#primaryimage"},"thumbnailUrl":"https:\/\/www.levelconsulting.ch\/wp-content\/uploads\/2019\/10\/uberuns.jpg","datePublished":"2024-11-07T05:44:38+00:00","dateModified":"2025-10-08T06:46:27+00:00","inLanguage":"fr-FR","potentialAction":[{"@type":"ReadAction","target":["https:\/\/www.levelconsulting.ch\/fr\/a-propos-de-nous\/"]}]},{"@type":"ImageObject","inLanguage":"fr-FR","@id":"https:\/\/www.levelconsulting.ch\/fr\/a-propos-de-nous\/#primaryimage","url":"https:\/\/www.levelconsulting.ch\/wp-content\/uploads\/2019\/10\/uberuns.jpg","contentUrl":"https:\/\/www.levelconsulting.ch\/wp-content\/uploads\/2019\/10\/uberuns.jpg","width":1199,"height":300},{"@type":"WebSite","@id":"https:\/\/www.levelconsulting.ch\/fr\/#website","url":"https:\/\/www.levelconsulting.ch\/fr\/","name":"Level Consulting","description":"We bring the best together.","publisher":{"@id":"https:\/\/www.levelconsulting.ch\/fr\/#organization"},"potentialAction":[{"@type":"SearchAction","target":{"@type":"EntryPoint","urlTemplate":"https:\/\/www.levelconsulting.ch\/fr\/?s={search_term_string}"},"query-input":{"@type":"PropertyValueSpecification","valueRequired":true,"valueName":"search_term_string"}}],"inLanguage":"fr-FR"},{"@type":"Organization","@id":"https:\/\/www.levelconsulting.ch\/fr\/#organization","name":"Level Consulting","url":"https:\/\/www.levelconsulting.ch\/fr\/","logo":{"@type":"ImageObject","inLanguage":"fr-FR","@id":"https:\/\/www.levelconsulting.ch\/fr\/#\/schema\/logo\/image\/","url":"https:\/\/www.levelconsulting.ch\/wp-content\/uploads\/2019\/10\/logo-level-consulting.png","contentUrl":"https:\/\/www.levelconsulting.ch\/wp-content\/uploads\/2019\/10\/logo-level-consulting.png","width":300,"height":132,"caption":"Level Consulting"},"image":{"@id":"https:\/\/www.levelconsulting.ch\/fr\/#\/schema\/logo\/image\/"}}]}},"_links":{"self":[{"href":"https:\/\/www.levelconsulting.ch\/fr\/wp-json\/wp\/v2\/pages\/2498","targetHints":{"allow":["GET"]}}],"collection":[{"href":"https:\/\/www.levelconsulting.ch\/fr\/wp-json\/wp\/v2\/pages"}],"about":[{"href":"https:\/\/www.levelconsulting.ch\/fr\/wp-json\/wp\/v2\/types\/page"}],"author":[{"embeddable":true,"href":"https:\/\/www.levelconsulting.ch\/fr\/wp-json\/wp\/v2\/users\/1"}],"replies":[{"embeddable":true,"href":"https:\/\/www.levelconsulting.ch\/fr\/wp-json\/wp\/v2\/comments?post=2498"}],"version-history":[{"count":14,"href":"https:\/\/www.levelconsulting.ch\/fr\/wp-json\/wp\/v2\/pages\/2498\/revisions"}],"predecessor-version":[{"id":3072,"href":"https:\/\/www.levelconsulting.ch\/fr\/wp-json\/wp\/v2\/pages\/2498\/revisions\/3072"}],"wp:featuredmedia":[{"embeddable":true,"href":"https:\/\/www.levelconsulting.ch\/fr\/wp-json\/wp\/v2\/media\/2503"}],"wp:attachment":[{"href":"https:\/\/www.levelconsulting.ch\/fr\/wp-json\/wp\/v2\/media?parent=2498"}],"curies":[{"name":"wp","href":"https:\/\/api.w.org\/{rel}","templated":true}]}}