{"id":2482,"date":"2024-11-07T05:04:07","date_gmt":"2024-11-07T05:04:07","guid":{"rendered":"https:\/\/levelconsulting.pegotec.dev\/?page_id=2482"},"modified":"2024-12-23T09:17:58","modified_gmt":"2024-12-23T09:17:58","slug":"imperssum","status":"publish","type":"page","link":"https:\/\/www.levelconsulting.ch\/fr\/imperssum\/","title":{"rendered":"Mentions l\u00e9gales"},"content":{"rendered":"\n<h3 class=\"wp-block-heading\">D\u00e9charge de responsabilit\u00e9\u00a0\u00a0<\/h3>\n\n\n\n<p>Tous les articles et illustrations publi\u00e9s sur ce site sont prot\u00e9g\u00e9s par des droits d&rsquo;auteur. Toute utilisation non autoris\u00e9e par la loi sur les droits d&rsquo;auteur requiert un accord \u00e9crit pr\u00e9alable. Cela s&rsquo;applique en particulier \u00e0 la reproduction, au traitement, \u00e0 la traduction, \u00e0 l&rsquo;enregistrement, au traitement ou \u00e0 la restitution de contenus dans des bases de donn\u00e9es ou d&rsquo;autres m\u00e9dias et syst\u00e8mes \u00e9lectroniques. Les photocopies et les t\u00e9l\u00e9chargements de pages web ne peuvent \u00eatre r\u00e9alis\u00e9s que pour un usage personnel, priv\u00e9 et non commercial.&nbsp;<\/p>\n\n\n\n<p>Le fournisseur d\u00e9cline toute responsabilit\u00e9 quant \u00e0 l&rsquo;exactitude, l&rsquo;exhaustivit\u00e9 et l&rsquo;actualit\u00e9 des informations fournies. Les articles refl\u00e8tent l&rsquo;opinion de leurs auteurs respectifs.&nbsp;<\/p>\n\n\n\n<h3 class=\"wp-block-heading\">R\u00e9daction&nbsp;<\/h3>\n\n\n\n<p><strong>Level Consulting AG<br><\/strong>M\u00fchlebachstrasse 70<br>CH-8008 Z\u00fcrich<\/p>\n\n\n\n<p>Email:&nbsp;<a href=\"linkTo_UnCryptMailto('nbjmup+mfwfmAmfwfmdpotvmujoh\/di');\">level@levelconsulting.ch<\/a><\/p>\n\n\n\n<p>Tel. +41 44 366 66 33<\/p>\n","protected":false},"excerpt":{"rendered":"<p>D\u00e9charge de responsabilit\u00e9\u00a0\u00a0 Tous les articles et illustrations publi\u00e9s sur ce site sont prot\u00e9g\u00e9s par des droits d&rsquo;auteur. Toute utilisation non autoris\u00e9e par la loi sur les droits d&rsquo;auteur requiert un accord \u00e9crit pr\u00e9alable. Cela s&rsquo;applique en particulier \u00e0 la reproduction, au traitement, \u00e0 la traduction, \u00e0 l&rsquo;enregistrement, au traitement ou \u00e0 la restitution de [&hellip;]<\/p>\n","protected":false},"author":1,"featured_media":0,"parent":0,"menu_order":2,"comment_status":"closed","ping_status":"closed","template":"","meta":{"_acf_changed":false,"footnotes":""},"class_list":["post-2482","page","type-page","status-publish","hentry"],"acf":[],"yoast_head":"<!-- This site is optimized with the Yoast SEO plugin v27.4 - https:\/\/yoast.com\/product\/yoast-seo-wordpress\/ -->\n<title>Mentions l\u00e9gales - Level Consulting<\/title>\n<meta name=\"robots\" content=\"index, follow, max-snippet:-1, max-image-preview:large, max-video-preview:-1\" \/>\n<link rel=\"canonical\" href=\"https:\/\/www.levelconsulting.ch\/fr\/imperssum\/\" \/>\n<meta property=\"og:locale\" content=\"fr_FR\" \/>\n<meta property=\"og:type\" content=\"article\" \/>\n<meta property=\"og:title\" content=\"Mentions l\u00e9gales - Level Consulting\" \/>\n<meta property=\"og:description\" content=\"D\u00e9charge de responsabilit\u00e9\u00a0\u00a0 Tous les articles et illustrations publi\u00e9s sur ce site sont prot\u00e9g\u00e9s par des droits d&rsquo;auteur. Toute utilisation non autoris\u00e9e par la loi sur les droits d&rsquo;auteur requiert un accord \u00e9crit pr\u00e9alable. Cela s&rsquo;applique en particulier \u00e0 la reproduction, au traitement, \u00e0 la traduction, \u00e0 l&rsquo;enregistrement, au traitement ou \u00e0 la restitution de [&hellip;]\" \/>\n<meta property=\"og:url\" content=\"https:\/\/www.levelconsulting.ch\/fr\/imperssum\/\" \/>\n<meta property=\"og:site_name\" content=\"Level Consulting\" \/>\n<meta property=\"article:modified_time\" content=\"2024-12-23T09:17:58+00:00\" \/>\n<meta name=\"twitter:card\" content=\"summary_large_image\" \/>\n<script type=\"application\/ld+json\" class=\"yoast-schema-graph\">{\"@context\":\"https:\\\/\\\/schema.org\",\"@graph\":[{\"@type\":\"WebPage\",\"@id\":\"https:\\\/\\\/www.levelconsulting.ch\\\/fr\\\/imperssum\\\/\",\"url\":\"https:\\\/\\\/www.levelconsulting.ch\\\/fr\\\/imperssum\\\/\",\"name\":\"Mentions l\u00e9gales - Level Consulting\",\"isPartOf\":{\"@id\":\"https:\\\/\\\/www.levelconsulting.ch\\\/fr\\\/#website\"},\"datePublished\":\"2024-11-07T05:04:07+00:00\",\"dateModified\":\"2024-12-23T09:17:58+00:00\",\"inLanguage\":\"fr-FR\",\"potentialAction\":[{\"@type\":\"ReadAction\",\"target\":[\"https:\\\/\\\/www.levelconsulting.ch\\\/fr\\\/imperssum\\\/\"]}]},{\"@type\":\"WebSite\",\"@id\":\"https:\\\/\\\/www.levelconsulting.ch\\\/fr\\\/#website\",\"url\":\"https:\\\/\\\/www.levelconsulting.ch\\\/fr\\\/\",\"name\":\"Level Consulting\",\"description\":\"We bring the best together.\",\"publisher\":{\"@id\":\"https:\\\/\\\/www.levelconsulting.ch\\\/fr\\\/#organization\"},\"potentialAction\":[{\"@type\":\"SearchAction\",\"target\":{\"@type\":\"EntryPoint\",\"urlTemplate\":\"https:\\\/\\\/www.levelconsulting.ch\\\/fr\\\/?s={search_term_string}\"},\"query-input\":{\"@type\":\"PropertyValueSpecification\",\"valueRequired\":true,\"valueName\":\"search_term_string\"}}],\"inLanguage\":\"fr-FR\"},{\"@type\":\"Organization\",\"@id\":\"https:\\\/\\\/www.levelconsulting.ch\\\/fr\\\/#organization\",\"name\":\"Level Consulting\",\"url\":\"https:\\\/\\\/www.levelconsulting.ch\\\/fr\\\/\",\"logo\":{\"@type\":\"ImageObject\",\"inLanguage\":\"fr-FR\",\"@id\":\"https:\\\/\\\/www.levelconsulting.ch\\\/fr\\\/#\\\/schema\\\/logo\\\/image\\\/\",\"url\":\"https:\\\/\\\/www.levelconsulting.ch\\\/wp-content\\\/uploads\\\/2019\\\/10\\\/logo-level-consulting.png\",\"contentUrl\":\"https:\\\/\\\/www.levelconsulting.ch\\\/wp-content\\\/uploads\\\/2019\\\/10\\\/logo-level-consulting.png\",\"width\":300,\"height\":132,\"caption\":\"Level Consulting\"},\"image\":{\"@id\":\"https:\\\/\\\/www.levelconsulting.ch\\\/fr\\\/#\\\/schema\\\/logo\\\/image\\\/\"}}]}<\/script>\n<!-- \/ Yoast SEO plugin. -->","yoast_head_json":{"title":"Mentions l\u00e9gales - Level Consulting","robots":{"index":"index","follow":"follow","max-snippet":"max-snippet:-1","max-image-preview":"max-image-preview:large","max-video-preview":"max-video-preview:-1"},"canonical":"https:\/\/www.levelconsulting.ch\/fr\/imperssum\/","og_locale":"fr_FR","og_type":"article","og_title":"Mentions l\u00e9gales - Level Consulting","og_description":"D\u00e9charge de responsabilit\u00e9\u00a0\u00a0 Tous les articles et illustrations publi\u00e9s sur ce site sont prot\u00e9g\u00e9s par des droits d&rsquo;auteur. Toute utilisation non autoris\u00e9e par la loi sur les droits d&rsquo;auteur requiert un accord \u00e9crit pr\u00e9alable. Cela s&rsquo;applique en particulier \u00e0 la reproduction, au traitement, \u00e0 la traduction, \u00e0 l&rsquo;enregistrement, au traitement ou \u00e0 la restitution de [&hellip;]","og_url":"https:\/\/www.levelconsulting.ch\/fr\/imperssum\/","og_site_name":"Level Consulting","article_modified_time":"2024-12-23T09:17:58+00:00","twitter_card":"summary_large_image","schema":{"@context":"https:\/\/schema.org","@graph":[{"@type":"WebPage","@id":"https:\/\/www.levelconsulting.ch\/fr\/imperssum\/","url":"https:\/\/www.levelconsulting.ch\/fr\/imperssum\/","name":"Mentions l\u00e9gales - Level Consulting","isPartOf":{"@id":"https:\/\/www.levelconsulting.ch\/fr\/#website"},"datePublished":"2024-11-07T05:04:07+00:00","dateModified":"2024-12-23T09:17:58+00:00","inLanguage":"fr-FR","potentialAction":[{"@type":"ReadAction","target":["https:\/\/www.levelconsulting.ch\/fr\/imperssum\/"]}]},{"@type":"WebSite","@id":"https:\/\/www.levelconsulting.ch\/fr\/#website","url":"https:\/\/www.levelconsulting.ch\/fr\/","name":"Level Consulting","description":"We bring the best together.","publisher":{"@id":"https:\/\/www.levelconsulting.ch\/fr\/#organization"},"potentialAction":[{"@type":"SearchAction","target":{"@type":"EntryPoint","urlTemplate":"https:\/\/www.levelconsulting.ch\/fr\/?s={search_term_string}"},"query-input":{"@type":"PropertyValueSpecification","valueRequired":true,"valueName":"search_term_string"}}],"inLanguage":"fr-FR"},{"@type":"Organization","@id":"https:\/\/www.levelconsulting.ch\/fr\/#organization","name":"Level Consulting","url":"https:\/\/www.levelconsulting.ch\/fr\/","logo":{"@type":"ImageObject","inLanguage":"fr-FR","@id":"https:\/\/www.levelconsulting.ch\/fr\/#\/schema\/logo\/image\/","url":"https:\/\/www.levelconsulting.ch\/wp-content\/uploads\/2019\/10\/logo-level-consulting.png","contentUrl":"https:\/\/www.levelconsulting.ch\/wp-content\/uploads\/2019\/10\/logo-level-consulting.png","width":300,"height":132,"caption":"Level Consulting"},"image":{"@id":"https:\/\/www.levelconsulting.ch\/fr\/#\/schema\/logo\/image\/"}}]}},"_links":{"self":[{"href":"https:\/\/www.levelconsulting.ch\/fr\/wp-json\/wp\/v2\/pages\/2482","targetHints":{"allow":["GET"]}}],"collection":[{"href":"https:\/\/www.levelconsulting.ch\/fr\/wp-json\/wp\/v2\/pages"}],"about":[{"href":"https:\/\/www.levelconsulting.ch\/fr\/wp-json\/wp\/v2\/types\/page"}],"author":[{"embeddable":true,"href":"https:\/\/www.levelconsulting.ch\/fr\/wp-json\/wp\/v2\/users\/1"}],"replies":[{"embeddable":true,"href":"https:\/\/www.levelconsulting.ch\/fr\/wp-json\/wp\/v2\/comments?post=2482"}],"version-history":[{"count":3,"href":"https:\/\/www.levelconsulting.ch\/fr\/wp-json\/wp\/v2\/pages\/2482\/revisions"}],"predecessor-version":[{"id":2797,"href":"https:\/\/www.levelconsulting.ch\/fr\/wp-json\/wp\/v2\/pages\/2482\/revisions\/2797"}],"wp:attachment":[{"href":"https:\/\/www.levelconsulting.ch\/fr\/wp-json\/wp\/v2\/media?parent=2482"}],"curies":[{"name":"wp","href":"https:\/\/api.w.org\/{rel}","templated":true}]}}