{"id":2462,"date":"2024-11-06T09:53:08","date_gmt":"2024-11-06T09:53:08","guid":{"rendered":"https:\/\/levelconsulting.pegotec.dev\/?page_id=2462"},"modified":"2024-11-07T05:00:10","modified_gmt":"2024-11-07T05:00:10","slug":"executive-coaching","status":"publish","type":"page","link":"https:\/\/www.levelconsulting.ch\/fr\/executive-coaching\/","title":{"rendered":"Executive Coaching"},"content":{"rendered":"\n<p>Un executive coaching unique, sous la forme d&rsquo;un entretien personnel au choix d&rsquo;une ou deux heures, vous offre la possibilit\u00e9 de r\u00e9fl\u00e9chir \u00e0 vos questions et r\u00e9flexions avec un*e conseiller*I\u00e8re professionnel*le externe. Le coach vous aide \u00e0 mettre les choses en perspective, \u00e0 \u00e9valuer les avantages et inconv\u00e9nients et \u00e0 mesurer les chances et les risques de diff\u00e9rentes options d&rsquo;action.&nbsp;&nbsp;<\/p>\n\n\n\n<p>Les possibilit\u00e9s d&rsquo;un executive coaching sont multiples. C&rsquo;est vous qui d\u00e9cidez du contenu. Les points qui peuvent \u00eatre abord\u00e9s et leur nombre d\u00e9pendent de la complexit\u00e9 de la t\u00e2che et de votre besoin de discussion sur les diff\u00e9rentes questions.&nbsp;<\/p>\n","protected":false},"excerpt":{"rendered":"<p>Un executive coaching unique, sous la forme d&rsquo;un entretien personnel au choix d&rsquo;une ou deux heures, vous offre la possibilit\u00e9 de r\u00e9fl\u00e9chir \u00e0 vos questions et r\u00e9flexions avec un*e conseiller*I\u00e8re professionnel*le externe. Le coach vous aide \u00e0 mettre les choses en perspective, \u00e0 \u00e9valuer les avantages et inconv\u00e9nients et \u00e0 mesurer les chances et les [&hellip;]<\/p>\n","protected":false},"author":1,"featured_media":2470,"parent":0,"menu_order":9,"comment_status":"closed","ping_status":"closed","template":"","meta":{"_acf_changed":false,"footnotes":""},"class_list":["post-2462","page","type-page","status-publish","has-post-thumbnail","hentry"],"acf":[],"yoast_head":"<!-- This site is optimized with the Yoast SEO plugin v27.5 - https:\/\/yoast.com\/product\/yoast-seo-wordpress\/ -->\n<title>Executive Coaching - Level Consulting<\/title>\n<meta name=\"robots\" content=\"index, follow, max-snippet:-1, max-image-preview:large, max-video-preview:-1\" \/>\n<link rel=\"canonical\" href=\"https:\/\/www.levelconsulting.ch\/fr\/executive-coaching\/\" \/>\n<meta property=\"og:locale\" content=\"fr_FR\" \/>\n<meta property=\"og:type\" content=\"article\" \/>\n<meta property=\"og:title\" content=\"Executive Coaching - Level Consulting\" \/>\n<meta property=\"og:description\" content=\"Un executive coaching unique, sous la forme d&rsquo;un entretien personnel au choix d&rsquo;une ou deux heures, vous offre la possibilit\u00e9 de r\u00e9fl\u00e9chir \u00e0 vos questions et r\u00e9flexions avec un*e conseiller*I\u00e8re professionnel*le externe. Le coach vous aide \u00e0 mettre les choses en perspective, \u00e0 \u00e9valuer les avantages et inconv\u00e9nients et \u00e0 mesurer les chances et les [&hellip;]\" \/>\n<meta property=\"og:url\" content=\"https:\/\/www.levelconsulting.ch\/fr\/executive-coaching\/\" \/>\n<meta property=\"og:site_name\" content=\"Level Consulting\" \/>\n<meta property=\"article:modified_time\" content=\"2024-11-07T05:00:10+00:00\" \/>\n<meta property=\"og:image\" content=\"https:\/\/www.levelconsulting.ch\/wp-content\/uploads\/2019\/10\/executive-coaching-1.jpg\" \/>\n\t<meta property=\"og:image:width\" content=\"1199\" \/>\n\t<meta property=\"og:image:height\" content=\"300\" \/>\n\t<meta property=\"og:image:type\" content=\"image\/jpeg\" \/>\n<meta name=\"twitter:card\" content=\"summary_large_image\" \/>\n<meta name=\"twitter:label1\" content=\"Dur\u00e9e de lecture estim\u00e9e\" \/>\n\t<meta name=\"twitter:data1\" content=\"1 minute\" \/>\n<script type=\"application\/ld+json\" class=\"yoast-schema-graph\">{\"@context\":\"https:\\\/\\\/schema.org\",\"@graph\":[{\"@type\":\"WebPage\",\"@id\":\"https:\\\/\\\/www.levelconsulting.ch\\\/fr\\\/executive-coaching\\\/\",\"url\":\"https:\\\/\\\/www.levelconsulting.ch\\\/fr\\\/executive-coaching\\\/\",\"name\":\"Executive Coaching - Level Consulting\",\"isPartOf\":{\"@id\":\"https:\\\/\\\/www.levelconsulting.ch\\\/fr\\\/#website\"},\"primaryImageOfPage\":{\"@id\":\"https:\\\/\\\/www.levelconsulting.ch\\\/fr\\\/executive-coaching\\\/#primaryimage\"},\"image\":{\"@id\":\"https:\\\/\\\/www.levelconsulting.ch\\\/fr\\\/executive-coaching\\\/#primaryimage\"},\"thumbnailUrl\":\"https:\\\/\\\/www.levelconsulting.ch\\\/wp-content\\\/uploads\\\/2019\\\/10\\\/executive-coaching-1.jpg\",\"datePublished\":\"2024-11-06T09:53:08+00:00\",\"dateModified\":\"2024-11-07T05:00:10+00:00\",\"inLanguage\":\"fr-FR\",\"potentialAction\":[{\"@type\":\"ReadAction\",\"target\":[\"https:\\\/\\\/www.levelconsulting.ch\\\/fr\\\/executive-coaching\\\/\"]}]},{\"@type\":\"ImageObject\",\"inLanguage\":\"fr-FR\",\"@id\":\"https:\\\/\\\/www.levelconsulting.ch\\\/fr\\\/executive-coaching\\\/#primaryimage\",\"url\":\"https:\\\/\\\/www.levelconsulting.ch\\\/wp-content\\\/uploads\\\/2019\\\/10\\\/executive-coaching-1.jpg\",\"contentUrl\":\"https:\\\/\\\/www.levelconsulting.ch\\\/wp-content\\\/uploads\\\/2019\\\/10\\\/executive-coaching-1.jpg\",\"width\":1199,\"height\":300},{\"@type\":\"WebSite\",\"@id\":\"https:\\\/\\\/www.levelconsulting.ch\\\/fr\\\/#website\",\"url\":\"https:\\\/\\\/www.levelconsulting.ch\\\/fr\\\/\",\"name\":\"Level Consulting\",\"description\":\"We bring the best together.\",\"publisher\":{\"@id\":\"https:\\\/\\\/www.levelconsulting.ch\\\/fr\\\/#organization\"},\"potentialAction\":[{\"@type\":\"SearchAction\",\"target\":{\"@type\":\"EntryPoint\",\"urlTemplate\":\"https:\\\/\\\/www.levelconsulting.ch\\\/fr\\\/?s={search_term_string}\"},\"query-input\":{\"@type\":\"PropertyValueSpecification\",\"valueRequired\":true,\"valueName\":\"search_term_string\"}}],\"inLanguage\":\"fr-FR\"},{\"@type\":\"Organization\",\"@id\":\"https:\\\/\\\/www.levelconsulting.ch\\\/fr\\\/#organization\",\"name\":\"Level Consulting\",\"url\":\"https:\\\/\\\/www.levelconsulting.ch\\\/fr\\\/\",\"logo\":{\"@type\":\"ImageObject\",\"inLanguage\":\"fr-FR\",\"@id\":\"https:\\\/\\\/www.levelconsulting.ch\\\/fr\\\/#\\\/schema\\\/logo\\\/image\\\/\",\"url\":\"https:\\\/\\\/www.levelconsulting.ch\\\/wp-content\\\/uploads\\\/2019\\\/10\\\/logo-level-consulting.png\",\"contentUrl\":\"https:\\\/\\\/www.levelconsulting.ch\\\/wp-content\\\/uploads\\\/2019\\\/10\\\/logo-level-consulting.png\",\"width\":300,\"height\":132,\"caption\":\"Level Consulting\"},\"image\":{\"@id\":\"https:\\\/\\\/www.levelconsulting.ch\\\/fr\\\/#\\\/schema\\\/logo\\\/image\\\/\"}}]}<\/script>\n<!-- \/ Yoast SEO plugin. -->","yoast_head_json":{"title":"Executive Coaching - Level Consulting","robots":{"index":"index","follow":"follow","max-snippet":"max-snippet:-1","max-image-preview":"max-image-preview:large","max-video-preview":"max-video-preview:-1"},"canonical":"https:\/\/www.levelconsulting.ch\/fr\/executive-coaching\/","og_locale":"fr_FR","og_type":"article","og_title":"Executive Coaching - Level Consulting","og_description":"Un executive coaching unique, sous la forme d&rsquo;un entretien personnel au choix d&rsquo;une ou deux heures, vous offre la possibilit\u00e9 de r\u00e9fl\u00e9chir \u00e0 vos questions et r\u00e9flexions avec un*e conseiller*I\u00e8re professionnel*le externe. Le coach vous aide \u00e0 mettre les choses en perspective, \u00e0 \u00e9valuer les avantages et inconv\u00e9nients et \u00e0 mesurer les chances et les [&hellip;]","og_url":"https:\/\/www.levelconsulting.ch\/fr\/executive-coaching\/","og_site_name":"Level Consulting","article_modified_time":"2024-11-07T05:00:10+00:00","og_image":[{"width":1199,"height":300,"url":"https:\/\/www.levelconsulting.ch\/wp-content\/uploads\/2019\/10\/executive-coaching-1.jpg","type":"image\/jpeg"}],"twitter_card":"summary_large_image","twitter_misc":{"Dur\u00e9e de lecture estim\u00e9e":"1 minute"},"schema":{"@context":"https:\/\/schema.org","@graph":[{"@type":"WebPage","@id":"https:\/\/www.levelconsulting.ch\/fr\/executive-coaching\/","url":"https:\/\/www.levelconsulting.ch\/fr\/executive-coaching\/","name":"Executive Coaching - Level Consulting","isPartOf":{"@id":"https:\/\/www.levelconsulting.ch\/fr\/#website"},"primaryImageOfPage":{"@id":"https:\/\/www.levelconsulting.ch\/fr\/executive-coaching\/#primaryimage"},"image":{"@id":"https:\/\/www.levelconsulting.ch\/fr\/executive-coaching\/#primaryimage"},"thumbnailUrl":"https:\/\/www.levelconsulting.ch\/wp-content\/uploads\/2019\/10\/executive-coaching-1.jpg","datePublished":"2024-11-06T09:53:08+00:00","dateModified":"2024-11-07T05:00:10+00:00","inLanguage":"fr-FR","potentialAction":[{"@type":"ReadAction","target":["https:\/\/www.levelconsulting.ch\/fr\/executive-coaching\/"]}]},{"@type":"ImageObject","inLanguage":"fr-FR","@id":"https:\/\/www.levelconsulting.ch\/fr\/executive-coaching\/#primaryimage","url":"https:\/\/www.levelconsulting.ch\/wp-content\/uploads\/2019\/10\/executive-coaching-1.jpg","contentUrl":"https:\/\/www.levelconsulting.ch\/wp-content\/uploads\/2019\/10\/executive-coaching-1.jpg","width":1199,"height":300},{"@type":"WebSite","@id":"https:\/\/www.levelconsulting.ch\/fr\/#website","url":"https:\/\/www.levelconsulting.ch\/fr\/","name":"Level Consulting","description":"We bring the best together.","publisher":{"@id":"https:\/\/www.levelconsulting.ch\/fr\/#organization"},"potentialAction":[{"@type":"SearchAction","target":{"@type":"EntryPoint","urlTemplate":"https:\/\/www.levelconsulting.ch\/fr\/?s={search_term_string}"},"query-input":{"@type":"PropertyValueSpecification","valueRequired":true,"valueName":"search_term_string"}}],"inLanguage":"fr-FR"},{"@type":"Organization","@id":"https:\/\/www.levelconsulting.ch\/fr\/#organization","name":"Level Consulting","url":"https:\/\/www.levelconsulting.ch\/fr\/","logo":{"@type":"ImageObject","inLanguage":"fr-FR","@id":"https:\/\/www.levelconsulting.ch\/fr\/#\/schema\/logo\/image\/","url":"https:\/\/www.levelconsulting.ch\/wp-content\/uploads\/2019\/10\/logo-level-consulting.png","contentUrl":"https:\/\/www.levelconsulting.ch\/wp-content\/uploads\/2019\/10\/logo-level-consulting.png","width":300,"height":132,"caption":"Level Consulting"},"image":{"@id":"https:\/\/www.levelconsulting.ch\/fr\/#\/schema\/logo\/image\/"}}]}},"_links":{"self":[{"href":"https:\/\/www.levelconsulting.ch\/fr\/wp-json\/wp\/v2\/pages\/2462","targetHints":{"allow":["GET"]}}],"collection":[{"href":"https:\/\/www.levelconsulting.ch\/fr\/wp-json\/wp\/v2\/pages"}],"about":[{"href":"https:\/\/www.levelconsulting.ch\/fr\/wp-json\/wp\/v2\/types\/page"}],"author":[{"embeddable":true,"href":"https:\/\/www.levelconsulting.ch\/fr\/wp-json\/wp\/v2\/users\/1"}],"replies":[{"embeddable":true,"href":"https:\/\/www.levelconsulting.ch\/fr\/wp-json\/wp\/v2\/comments?post=2462"}],"version-history":[{"count":3,"href":"https:\/\/www.levelconsulting.ch\/fr\/wp-json\/wp\/v2\/pages\/2462\/revisions"}],"predecessor-version":[{"id":2481,"href":"https:\/\/www.levelconsulting.ch\/fr\/wp-json\/wp\/v2\/pages\/2462\/revisions\/2481"}],"wp:featuredmedia":[{"embeddable":true,"href":"https:\/\/www.levelconsulting.ch\/fr\/wp-json\/wp\/v2\/media\/2470"}],"wp:attachment":[{"href":"https:\/\/www.levelconsulting.ch\/fr\/wp-json\/wp\/v2\/media?parent=2462"}],"curies":[{"name":"wp","href":"https:\/\/api.w.org\/{rel}","templated":true}]}}