{"id":2453,"date":"2024-11-06T09:49:45","date_gmt":"2024-11-06T09:49:45","guid":{"rendered":"https:\/\/levelconsulting.pegotec.dev\/?page_id=2453"},"modified":"2024-11-07T04:18:58","modified_gmt":"2024-11-07T04:18:58","slug":"new-outplacement","status":"publish","type":"page","link":"https:\/\/www.levelconsulting.ch\/fr\/new-outplacement\/","title":{"rendered":"New- \/ Outplacement"},"content":{"rendered":"\n<p>Nos relations entre nous et avec nos clients sont discr\u00e8tes vis-\u00e0-vis des tiers, ouvertes et honn\u00eates vis-\u00e0-vis de nos clients.&nbsp;&nbsp;<\/p>\n\n\n\n<p>Nous ne vendons pas de &lsquo;nouveaux&rsquo; emplois, mais nous vous soutenons de mani\u00e8re engag\u00e9e et comp\u00e9tente avec des conseils personnalis\u00e9s et des comp\u00e9tences en mati\u00e8re de march\u00e9 et de m\u00e9thodes. Nous vous ouvrons ainsi un acc\u00e8s complet au march\u00e9 du travail et \u00e0 de nouveaux employeurs.&nbsp;&nbsp;<\/p>\n\n\n\n<p>L&rsquo;un des points forts de notre travail est donc l&rsquo;exploitation du march\u00e9 cach\u00e9 de l&#8217;emploi, aussi bien par le biais de notre r\u00e9seau de premier ordre, actuel et \u00e9tendu, que par la recherche directe en int\u00e9grant les m\u00e9dias sociaux et les plateformes professionnelles d&#8217;emploi.&nbsp;&nbsp;<\/p>\n\n\n\n<p>Dans la communication des opportunit\u00e9s et des chances de r\u00e9ussite, nous sommes r\u00e9alistes et honn\u00eates.&nbsp;<\/p>\n","protected":false},"excerpt":{"rendered":"<p>Nos relations entre nous et avec nos clients sont discr\u00e8tes vis-\u00e0-vis des tiers, ouvertes et honn\u00eates vis-\u00e0-vis de nos clients.&nbsp;&nbsp; Nous ne vendons pas de &lsquo;nouveaux&rsquo; emplois, mais nous vous soutenons de mani\u00e8re engag\u00e9e et comp\u00e9tente avec des conseils personnalis\u00e9s et des comp\u00e9tences en mati\u00e8re de march\u00e9 et de m\u00e9thodes. Nous vous ouvrons ainsi un [&hellip;]<\/p>\n","protected":false},"author":1,"featured_media":2460,"parent":0,"menu_order":8,"comment_status":"closed","ping_status":"closed","template":"","meta":{"_acf_changed":false,"footnotes":""},"class_list":["post-2453","page","type-page","status-publish","has-post-thumbnail","hentry"],"acf":[],"yoast_head":"<!-- This site is optimized with the Yoast SEO plugin v27.4 - https:\/\/yoast.com\/product\/yoast-seo-wordpress\/ -->\n<title>New- \/ Outplacement - Level Consulting<\/title>\n<meta name=\"robots\" content=\"index, follow, max-snippet:-1, max-image-preview:large, max-video-preview:-1\" \/>\n<link rel=\"canonical\" href=\"https:\/\/www.levelconsulting.ch\/fr\/new-outplacement\/\" \/>\n<meta property=\"og:locale\" content=\"fr_FR\" \/>\n<meta property=\"og:type\" content=\"article\" \/>\n<meta property=\"og:title\" content=\"New- \/ Outplacement - Level Consulting\" \/>\n<meta property=\"og:description\" content=\"Nos relations entre nous et avec nos clients sont discr\u00e8tes vis-\u00e0-vis des tiers, ouvertes et honn\u00eates vis-\u00e0-vis de nos clients.&nbsp;&nbsp; Nous ne vendons pas de &lsquo;nouveaux&rsquo; emplois, mais nous vous soutenons de mani\u00e8re engag\u00e9e et comp\u00e9tente avec des conseils personnalis\u00e9s et des comp\u00e9tences en mati\u00e8re de march\u00e9 et de m\u00e9thodes. Nous vous ouvrons ainsi un [&hellip;]\" \/>\n<meta property=\"og:url\" content=\"https:\/\/www.levelconsulting.ch\/fr\/new-outplacement\/\" \/>\n<meta property=\"og:site_name\" content=\"Level Consulting\" \/>\n<meta property=\"article:modified_time\" content=\"2024-11-07T04:18:58+00:00\" \/>\n<meta property=\"og:image\" content=\"https:\/\/www.levelconsulting.ch\/wp-content\/uploads\/2019\/10\/unser-beratung-1.jpg\" \/>\n\t<meta property=\"og:image:width\" content=\"1199\" \/>\n\t<meta property=\"og:image:height\" content=\"300\" \/>\n\t<meta property=\"og:image:type\" content=\"image\/jpeg\" \/>\n<meta name=\"twitter:card\" content=\"summary_large_image\" \/>\n<meta name=\"twitter:label1\" content=\"Dur\u00e9e de lecture estim\u00e9e\" \/>\n\t<meta name=\"twitter:data1\" content=\"1 minute\" \/>\n<script type=\"application\/ld+json\" class=\"yoast-schema-graph\">{\"@context\":\"https:\\\/\\\/schema.org\",\"@graph\":[{\"@type\":\"WebPage\",\"@id\":\"https:\\\/\\\/www.levelconsulting.ch\\\/fr\\\/new-outplacement\\\/\",\"url\":\"https:\\\/\\\/www.levelconsulting.ch\\\/fr\\\/new-outplacement\\\/\",\"name\":\"New- \\\/ Outplacement - Level Consulting\",\"isPartOf\":{\"@id\":\"https:\\\/\\\/www.levelconsulting.ch\\\/fr\\\/#website\"},\"primaryImageOfPage\":{\"@id\":\"https:\\\/\\\/www.levelconsulting.ch\\\/fr\\\/new-outplacement\\\/#primaryimage\"},\"image\":{\"@id\":\"https:\\\/\\\/www.levelconsulting.ch\\\/fr\\\/new-outplacement\\\/#primaryimage\"},\"thumbnailUrl\":\"https:\\\/\\\/www.levelconsulting.ch\\\/wp-content\\\/uploads\\\/2019\\\/10\\\/unser-beratung-1.jpg\",\"datePublished\":\"2024-11-06T09:49:45+00:00\",\"dateModified\":\"2024-11-07T04:18:58+00:00\",\"inLanguage\":\"fr-FR\",\"potentialAction\":[{\"@type\":\"ReadAction\",\"target\":[\"https:\\\/\\\/www.levelconsulting.ch\\\/fr\\\/new-outplacement\\\/\"]}]},{\"@type\":\"ImageObject\",\"inLanguage\":\"fr-FR\",\"@id\":\"https:\\\/\\\/www.levelconsulting.ch\\\/fr\\\/new-outplacement\\\/#primaryimage\",\"url\":\"https:\\\/\\\/www.levelconsulting.ch\\\/wp-content\\\/uploads\\\/2019\\\/10\\\/unser-beratung-1.jpg\",\"contentUrl\":\"https:\\\/\\\/www.levelconsulting.ch\\\/wp-content\\\/uploads\\\/2019\\\/10\\\/unser-beratung-1.jpg\",\"width\":1199,\"height\":300},{\"@type\":\"WebSite\",\"@id\":\"https:\\\/\\\/www.levelconsulting.ch\\\/fr\\\/#website\",\"url\":\"https:\\\/\\\/www.levelconsulting.ch\\\/fr\\\/\",\"name\":\"Level Consulting\",\"description\":\"We bring the best together.\",\"publisher\":{\"@id\":\"https:\\\/\\\/www.levelconsulting.ch\\\/fr\\\/#organization\"},\"potentialAction\":[{\"@type\":\"SearchAction\",\"target\":{\"@type\":\"EntryPoint\",\"urlTemplate\":\"https:\\\/\\\/www.levelconsulting.ch\\\/fr\\\/?s={search_term_string}\"},\"query-input\":{\"@type\":\"PropertyValueSpecification\",\"valueRequired\":true,\"valueName\":\"search_term_string\"}}],\"inLanguage\":\"fr-FR\"},{\"@type\":\"Organization\",\"@id\":\"https:\\\/\\\/www.levelconsulting.ch\\\/fr\\\/#organization\",\"name\":\"Level Consulting\",\"url\":\"https:\\\/\\\/www.levelconsulting.ch\\\/fr\\\/\",\"logo\":{\"@type\":\"ImageObject\",\"inLanguage\":\"fr-FR\",\"@id\":\"https:\\\/\\\/www.levelconsulting.ch\\\/fr\\\/#\\\/schema\\\/logo\\\/image\\\/\",\"url\":\"https:\\\/\\\/www.levelconsulting.ch\\\/wp-content\\\/uploads\\\/2019\\\/10\\\/logo-level-consulting.png\",\"contentUrl\":\"https:\\\/\\\/www.levelconsulting.ch\\\/wp-content\\\/uploads\\\/2019\\\/10\\\/logo-level-consulting.png\",\"width\":300,\"height\":132,\"caption\":\"Level Consulting\"},\"image\":{\"@id\":\"https:\\\/\\\/www.levelconsulting.ch\\\/fr\\\/#\\\/schema\\\/logo\\\/image\\\/\"}}]}<\/script>\n<!-- \/ Yoast SEO plugin. -->","yoast_head_json":{"title":"New- \/ Outplacement - Level Consulting","robots":{"index":"index","follow":"follow","max-snippet":"max-snippet:-1","max-image-preview":"max-image-preview:large","max-video-preview":"max-video-preview:-1"},"canonical":"https:\/\/www.levelconsulting.ch\/fr\/new-outplacement\/","og_locale":"fr_FR","og_type":"article","og_title":"New- \/ Outplacement - Level Consulting","og_description":"Nos relations entre nous et avec nos clients sont discr\u00e8tes vis-\u00e0-vis des tiers, ouvertes et honn\u00eates vis-\u00e0-vis de nos clients.&nbsp;&nbsp; Nous ne vendons pas de &lsquo;nouveaux&rsquo; emplois, mais nous vous soutenons de mani\u00e8re engag\u00e9e et comp\u00e9tente avec des conseils personnalis\u00e9s et des comp\u00e9tences en mati\u00e8re de march\u00e9 et de m\u00e9thodes. Nous vous ouvrons ainsi un [&hellip;]","og_url":"https:\/\/www.levelconsulting.ch\/fr\/new-outplacement\/","og_site_name":"Level Consulting","article_modified_time":"2024-11-07T04:18:58+00:00","og_image":[{"width":1199,"height":300,"url":"https:\/\/www.levelconsulting.ch\/wp-content\/uploads\/2019\/10\/unser-beratung-1.jpg","type":"image\/jpeg"}],"twitter_card":"summary_large_image","twitter_misc":{"Dur\u00e9e de lecture estim\u00e9e":"1 minute"},"schema":{"@context":"https:\/\/schema.org","@graph":[{"@type":"WebPage","@id":"https:\/\/www.levelconsulting.ch\/fr\/new-outplacement\/","url":"https:\/\/www.levelconsulting.ch\/fr\/new-outplacement\/","name":"New- \/ Outplacement - Level Consulting","isPartOf":{"@id":"https:\/\/www.levelconsulting.ch\/fr\/#website"},"primaryImageOfPage":{"@id":"https:\/\/www.levelconsulting.ch\/fr\/new-outplacement\/#primaryimage"},"image":{"@id":"https:\/\/www.levelconsulting.ch\/fr\/new-outplacement\/#primaryimage"},"thumbnailUrl":"https:\/\/www.levelconsulting.ch\/wp-content\/uploads\/2019\/10\/unser-beratung-1.jpg","datePublished":"2024-11-06T09:49:45+00:00","dateModified":"2024-11-07T04:18:58+00:00","inLanguage":"fr-FR","potentialAction":[{"@type":"ReadAction","target":["https:\/\/www.levelconsulting.ch\/fr\/new-outplacement\/"]}]},{"@type":"ImageObject","inLanguage":"fr-FR","@id":"https:\/\/www.levelconsulting.ch\/fr\/new-outplacement\/#primaryimage","url":"https:\/\/www.levelconsulting.ch\/wp-content\/uploads\/2019\/10\/unser-beratung-1.jpg","contentUrl":"https:\/\/www.levelconsulting.ch\/wp-content\/uploads\/2019\/10\/unser-beratung-1.jpg","width":1199,"height":300},{"@type":"WebSite","@id":"https:\/\/www.levelconsulting.ch\/fr\/#website","url":"https:\/\/www.levelconsulting.ch\/fr\/","name":"Level Consulting","description":"We bring the best together.","publisher":{"@id":"https:\/\/www.levelconsulting.ch\/fr\/#organization"},"potentialAction":[{"@type":"SearchAction","target":{"@type":"EntryPoint","urlTemplate":"https:\/\/www.levelconsulting.ch\/fr\/?s={search_term_string}"},"query-input":{"@type":"PropertyValueSpecification","valueRequired":true,"valueName":"search_term_string"}}],"inLanguage":"fr-FR"},{"@type":"Organization","@id":"https:\/\/www.levelconsulting.ch\/fr\/#organization","name":"Level Consulting","url":"https:\/\/www.levelconsulting.ch\/fr\/","logo":{"@type":"ImageObject","inLanguage":"fr-FR","@id":"https:\/\/www.levelconsulting.ch\/fr\/#\/schema\/logo\/image\/","url":"https:\/\/www.levelconsulting.ch\/wp-content\/uploads\/2019\/10\/logo-level-consulting.png","contentUrl":"https:\/\/www.levelconsulting.ch\/wp-content\/uploads\/2019\/10\/logo-level-consulting.png","width":300,"height":132,"caption":"Level Consulting"},"image":{"@id":"https:\/\/www.levelconsulting.ch\/fr\/#\/schema\/logo\/image\/"}}]}},"_links":{"self":[{"href":"https:\/\/www.levelconsulting.ch\/fr\/wp-json\/wp\/v2\/pages\/2453","targetHints":{"allow":["GET"]}}],"collection":[{"href":"https:\/\/www.levelconsulting.ch\/fr\/wp-json\/wp\/v2\/pages"}],"about":[{"href":"https:\/\/www.levelconsulting.ch\/fr\/wp-json\/wp\/v2\/types\/page"}],"author":[{"embeddable":true,"href":"https:\/\/www.levelconsulting.ch\/fr\/wp-json\/wp\/v2\/users\/1"}],"replies":[{"embeddable":true,"href":"https:\/\/www.levelconsulting.ch\/fr\/wp-json\/wp\/v2\/comments?post=2453"}],"version-history":[{"count":3,"href":"https:\/\/www.levelconsulting.ch\/fr\/wp-json\/wp\/v2\/pages\/2453\/revisions"}],"predecessor-version":[{"id":2479,"href":"https:\/\/www.levelconsulting.ch\/fr\/wp-json\/wp\/v2\/pages\/2453\/revisions\/2479"}],"wp:featuredmedia":[{"embeddable":true,"href":"https:\/\/www.levelconsulting.ch\/fr\/wp-json\/wp\/v2\/media\/2460"}],"wp:attachment":[{"href":"https:\/\/www.levelconsulting.ch\/fr\/wp-json\/wp\/v2\/media?parent=2453"}],"curies":[{"name":"wp","href":"https:\/\/api.w.org\/{rel}","templated":true}]}}