{"id":2446,"date":"2024-11-06T09:42:35","date_gmt":"2024-11-06T09:42:35","guid":{"rendered":"https:\/\/levelconsulting.pegotec.dev\/?page_id=2446"},"modified":"2025-01-22T15:28:10","modified_gmt":"2025-01-22T15:28:10","slug":"executive-search-selection","status":"publish","type":"page","link":"https:\/\/www.levelconsulting.ch\/fr\/executive-search-selection\/","title":{"rendered":"Executive Search &amp; Selection"},"content":{"rendered":"\n<p>Dans l&rsquo;environnement \u00e9conomique complexe d&rsquo;aujourd&rsquo;hui, on reconna\u00eet de plus en plus que l&rsquo;homme est le facteur de r\u00e9ussite le plus important dans une entreprise. C&rsquo;est pr\u00e9cis\u00e9ment l\u00e0 que nos services interviennent, car la connaissance de l\u2019\u00eatre humain est notre comp\u00e9tence cl\u00e9. Nos solutions cibl\u00e9es et holistiques en mati\u00e8re de recherche de cadres et de s\u00e9lection, qui sont adapt\u00e9es \u00e0 vos besoins, vous garantissent une valeur ajout\u00e9e durable et v\u00e9rifiable.&nbsp;&nbsp;<\/p>\n\n\n\n<p>En nous basant sur nos valeurs fondamentales que sont la confiance, la discr\u00e9tion, l&rsquo;ouverture et l&rsquo;estime, nous accompagnons depuis plus de 15 ans des groupes internationaux, des entreprises nationales et des entreprises familiales dans leur recherche de dirigeants et d&rsquo;experts.&nbsp;&nbsp;<\/p>\n\n\n\n<p>En tant que partenaire suisse exclusif int\u00e9gr\u00e9 dans le r\u00e9seau mondial de IIC Partners, qui regroupe plus de 48 cabinets de recrutement, nous vous accompagnons \u00e9galement volontiers dans vos missions internationales.&nbsp;&nbsp;<\/p>\n","protected":false},"excerpt":{"rendered":"<p>Dans l&rsquo;environnement \u00e9conomique complexe d&rsquo;aujourd&rsquo;hui, on reconna\u00eet de plus en plus que l&rsquo;homme est le facteur de r\u00e9ussite le plus important dans une entreprise. C&rsquo;est pr\u00e9cis\u00e9ment l\u00e0 que nos services interviennent, car la connaissance de l\u2019\u00eatre humain est notre comp\u00e9tence cl\u00e9. Nos solutions cibl\u00e9es et holistiques en mati\u00e8re de recherche de cadres et de s\u00e9lection, [&hellip;]<\/p>\n","protected":false},"author":1,"featured_media":2451,"parent":0,"menu_order":5,"comment_status":"closed","ping_status":"closed","template":"","meta":{"_acf_changed":false,"footnotes":""},"class_list":["post-2446","page","type-page","status-publish","has-post-thumbnail","hentry"],"acf":[],"yoast_head":"<!-- This site is optimized with the Yoast SEO plugin v27.4 - https:\/\/yoast.com\/product\/yoast-seo-wordpress\/ -->\n<title>Executive Search &amp; Selection - Level Consulting<\/title>\n<meta name=\"robots\" content=\"index, follow, max-snippet:-1, max-image-preview:large, max-video-preview:-1\" \/>\n<link rel=\"canonical\" href=\"https:\/\/www.levelconsulting.ch\/fr\/executive-search-selection\/\" \/>\n<meta property=\"og:locale\" content=\"fr_FR\" \/>\n<meta property=\"og:type\" content=\"article\" \/>\n<meta property=\"og:title\" content=\"Executive Search &amp; Selection - Level Consulting\" \/>\n<meta property=\"og:description\" content=\"Dans l&rsquo;environnement \u00e9conomique complexe d&rsquo;aujourd&rsquo;hui, on reconna\u00eet de plus en plus que l&rsquo;homme est le facteur de r\u00e9ussite le plus important dans une entreprise. C&rsquo;est pr\u00e9cis\u00e9ment l\u00e0 que nos services interviennent, car la connaissance de l\u2019\u00eatre humain est notre comp\u00e9tence cl\u00e9. Nos solutions cibl\u00e9es et holistiques en mati\u00e8re de recherche de cadres et de s\u00e9lection, [&hellip;]\" \/>\n<meta property=\"og:url\" content=\"https:\/\/www.levelconsulting.ch\/fr\/executive-search-selection\/\" \/>\n<meta property=\"og:site_name\" content=\"Level Consulting\" \/>\n<meta property=\"article:modified_time\" content=\"2025-01-22T15:28:10+00:00\" \/>\n<meta property=\"og:image\" content=\"https:\/\/www.levelconsulting.ch\/wp-content\/uploads\/2019\/10\/executive-search-selection-1-3.jpg\" \/>\n\t<meta property=\"og:image:width\" content=\"1199\" \/>\n\t<meta property=\"og:image:height\" content=\"300\" \/>\n\t<meta property=\"og:image:type\" content=\"image\/jpeg\" \/>\n<meta name=\"twitter:card\" content=\"summary_large_image\" \/>\n<meta name=\"twitter:label1\" content=\"Dur\u00e9e de lecture estim\u00e9e\" \/>\n\t<meta name=\"twitter:data1\" content=\"1 minute\" \/>\n<script type=\"application\/ld+json\" class=\"yoast-schema-graph\">{\"@context\":\"https:\\\/\\\/schema.org\",\"@graph\":[{\"@type\":\"WebPage\",\"@id\":\"https:\\\/\\\/www.levelconsulting.ch\\\/fr\\\/executive-search-selection\\\/\",\"url\":\"https:\\\/\\\/www.levelconsulting.ch\\\/fr\\\/executive-search-selection\\\/\",\"name\":\"Executive Search &amp; Selection - Level Consulting\",\"isPartOf\":{\"@id\":\"https:\\\/\\\/www.levelconsulting.ch\\\/fr\\\/#website\"},\"primaryImageOfPage\":{\"@id\":\"https:\\\/\\\/www.levelconsulting.ch\\\/fr\\\/executive-search-selection\\\/#primaryimage\"},\"image\":{\"@id\":\"https:\\\/\\\/www.levelconsulting.ch\\\/fr\\\/executive-search-selection\\\/#primaryimage\"},\"thumbnailUrl\":\"https:\\\/\\\/www.levelconsulting.ch\\\/wp-content\\\/uploads\\\/2019\\\/10\\\/executive-search-selection-1-3.jpg\",\"datePublished\":\"2024-11-06T09:42:35+00:00\",\"dateModified\":\"2025-01-22T15:28:10+00:00\",\"inLanguage\":\"fr-FR\",\"potentialAction\":[{\"@type\":\"ReadAction\",\"target\":[\"https:\\\/\\\/www.levelconsulting.ch\\\/fr\\\/executive-search-selection\\\/\"]}]},{\"@type\":\"ImageObject\",\"inLanguage\":\"fr-FR\",\"@id\":\"https:\\\/\\\/www.levelconsulting.ch\\\/fr\\\/executive-search-selection\\\/#primaryimage\",\"url\":\"https:\\\/\\\/www.levelconsulting.ch\\\/wp-content\\\/uploads\\\/2019\\\/10\\\/executive-search-selection-1-3.jpg\",\"contentUrl\":\"https:\\\/\\\/www.levelconsulting.ch\\\/wp-content\\\/uploads\\\/2019\\\/10\\\/executive-search-selection-1-3.jpg\",\"width\":1199,\"height\":300},{\"@type\":\"WebSite\",\"@id\":\"https:\\\/\\\/www.levelconsulting.ch\\\/fr\\\/#website\",\"url\":\"https:\\\/\\\/www.levelconsulting.ch\\\/fr\\\/\",\"name\":\"Level Consulting\",\"description\":\"We bring the best together.\",\"publisher\":{\"@id\":\"https:\\\/\\\/www.levelconsulting.ch\\\/fr\\\/#organization\"},\"potentialAction\":[{\"@type\":\"SearchAction\",\"target\":{\"@type\":\"EntryPoint\",\"urlTemplate\":\"https:\\\/\\\/www.levelconsulting.ch\\\/fr\\\/?s={search_term_string}\"},\"query-input\":{\"@type\":\"PropertyValueSpecification\",\"valueRequired\":true,\"valueName\":\"search_term_string\"}}],\"inLanguage\":\"fr-FR\"},{\"@type\":\"Organization\",\"@id\":\"https:\\\/\\\/www.levelconsulting.ch\\\/fr\\\/#organization\",\"name\":\"Level Consulting\",\"url\":\"https:\\\/\\\/www.levelconsulting.ch\\\/fr\\\/\",\"logo\":{\"@type\":\"ImageObject\",\"inLanguage\":\"fr-FR\",\"@id\":\"https:\\\/\\\/www.levelconsulting.ch\\\/fr\\\/#\\\/schema\\\/logo\\\/image\\\/\",\"url\":\"https:\\\/\\\/www.levelconsulting.ch\\\/wp-content\\\/uploads\\\/2019\\\/10\\\/logo-level-consulting.png\",\"contentUrl\":\"https:\\\/\\\/www.levelconsulting.ch\\\/wp-content\\\/uploads\\\/2019\\\/10\\\/logo-level-consulting.png\",\"width\":300,\"height\":132,\"caption\":\"Level Consulting\"},\"image\":{\"@id\":\"https:\\\/\\\/www.levelconsulting.ch\\\/fr\\\/#\\\/schema\\\/logo\\\/image\\\/\"}}]}<\/script>\n<!-- \/ Yoast SEO plugin. -->","yoast_head_json":{"title":"Executive Search &amp; Selection - Level Consulting","robots":{"index":"index","follow":"follow","max-snippet":"max-snippet:-1","max-image-preview":"max-image-preview:large","max-video-preview":"max-video-preview:-1"},"canonical":"https:\/\/www.levelconsulting.ch\/fr\/executive-search-selection\/","og_locale":"fr_FR","og_type":"article","og_title":"Executive Search &amp; Selection - Level Consulting","og_description":"Dans l&rsquo;environnement \u00e9conomique complexe d&rsquo;aujourd&rsquo;hui, on reconna\u00eet de plus en plus que l&rsquo;homme est le facteur de r\u00e9ussite le plus important dans une entreprise. C&rsquo;est pr\u00e9cis\u00e9ment l\u00e0 que nos services interviennent, car la connaissance de l\u2019\u00eatre humain est notre comp\u00e9tence cl\u00e9. Nos solutions cibl\u00e9es et holistiques en mati\u00e8re de recherche de cadres et de s\u00e9lection, [&hellip;]","og_url":"https:\/\/www.levelconsulting.ch\/fr\/executive-search-selection\/","og_site_name":"Level Consulting","article_modified_time":"2025-01-22T15:28:10+00:00","og_image":[{"width":1199,"height":300,"url":"https:\/\/www.levelconsulting.ch\/wp-content\/uploads\/2019\/10\/executive-search-selection-1-3.jpg","type":"image\/jpeg"}],"twitter_card":"summary_large_image","twitter_misc":{"Dur\u00e9e de lecture estim\u00e9e":"1 minute"},"schema":{"@context":"https:\/\/schema.org","@graph":[{"@type":"WebPage","@id":"https:\/\/www.levelconsulting.ch\/fr\/executive-search-selection\/","url":"https:\/\/www.levelconsulting.ch\/fr\/executive-search-selection\/","name":"Executive Search &amp; Selection - Level Consulting","isPartOf":{"@id":"https:\/\/www.levelconsulting.ch\/fr\/#website"},"primaryImageOfPage":{"@id":"https:\/\/www.levelconsulting.ch\/fr\/executive-search-selection\/#primaryimage"},"image":{"@id":"https:\/\/www.levelconsulting.ch\/fr\/executive-search-selection\/#primaryimage"},"thumbnailUrl":"https:\/\/www.levelconsulting.ch\/wp-content\/uploads\/2019\/10\/executive-search-selection-1-3.jpg","datePublished":"2024-11-06T09:42:35+00:00","dateModified":"2025-01-22T15:28:10+00:00","inLanguage":"fr-FR","potentialAction":[{"@type":"ReadAction","target":["https:\/\/www.levelconsulting.ch\/fr\/executive-search-selection\/"]}]},{"@type":"ImageObject","inLanguage":"fr-FR","@id":"https:\/\/www.levelconsulting.ch\/fr\/executive-search-selection\/#primaryimage","url":"https:\/\/www.levelconsulting.ch\/wp-content\/uploads\/2019\/10\/executive-search-selection-1-3.jpg","contentUrl":"https:\/\/www.levelconsulting.ch\/wp-content\/uploads\/2019\/10\/executive-search-selection-1-3.jpg","width":1199,"height":300},{"@type":"WebSite","@id":"https:\/\/www.levelconsulting.ch\/fr\/#website","url":"https:\/\/www.levelconsulting.ch\/fr\/","name":"Level Consulting","description":"We bring the best together.","publisher":{"@id":"https:\/\/www.levelconsulting.ch\/fr\/#organization"},"potentialAction":[{"@type":"SearchAction","target":{"@type":"EntryPoint","urlTemplate":"https:\/\/www.levelconsulting.ch\/fr\/?s={search_term_string}"},"query-input":{"@type":"PropertyValueSpecification","valueRequired":true,"valueName":"search_term_string"}}],"inLanguage":"fr-FR"},{"@type":"Organization","@id":"https:\/\/www.levelconsulting.ch\/fr\/#organization","name":"Level Consulting","url":"https:\/\/www.levelconsulting.ch\/fr\/","logo":{"@type":"ImageObject","inLanguage":"fr-FR","@id":"https:\/\/www.levelconsulting.ch\/fr\/#\/schema\/logo\/image\/","url":"https:\/\/www.levelconsulting.ch\/wp-content\/uploads\/2019\/10\/logo-level-consulting.png","contentUrl":"https:\/\/www.levelconsulting.ch\/wp-content\/uploads\/2019\/10\/logo-level-consulting.png","width":300,"height":132,"caption":"Level Consulting"},"image":{"@id":"https:\/\/www.levelconsulting.ch\/fr\/#\/schema\/logo\/image\/"}}]}},"_links":{"self":[{"href":"https:\/\/www.levelconsulting.ch\/fr\/wp-json\/wp\/v2\/pages\/2446","targetHints":{"allow":["GET"]}}],"collection":[{"href":"https:\/\/www.levelconsulting.ch\/fr\/wp-json\/wp\/v2\/pages"}],"about":[{"href":"https:\/\/www.levelconsulting.ch\/fr\/wp-json\/wp\/v2\/types\/page"}],"author":[{"embeddable":true,"href":"https:\/\/www.levelconsulting.ch\/fr\/wp-json\/wp\/v2\/users\/1"}],"replies":[{"embeddable":true,"href":"https:\/\/www.levelconsulting.ch\/fr\/wp-json\/wp\/v2\/comments?post=2446"}],"version-history":[{"count":5,"href":"https:\/\/www.levelconsulting.ch\/fr\/wp-json\/wp\/v2\/pages\/2446\/revisions"}],"predecessor-version":[{"id":2861,"href":"https:\/\/www.levelconsulting.ch\/fr\/wp-json\/wp\/v2\/pages\/2446\/revisions\/2861"}],"wp:featuredmedia":[{"embeddable":true,"href":"https:\/\/www.levelconsulting.ch\/fr\/wp-json\/wp\/v2\/media\/2451"}],"wp:attachment":[{"href":"https:\/\/www.levelconsulting.ch\/fr\/wp-json\/wp\/v2\/media?parent=2446"}],"curies":[{"name":"wp","href":"https:\/\/api.w.org\/{rel}","templated":true}]}}